{"id":3727,"date":"2025-08-26T07:50:38","date_gmt":"2025-08-26T05:50:38","guid":{"rendered":"https:\/\/wennstrom.com.haus.se\/cookie-policy\/"},"modified":"2025-12-17T16:05:55","modified_gmt":"2025-12-17T15:05:55","slug":"cookie-policy","status":"publish","type":"page","link":"https:\/\/wennstrom.com\/fi\/cookie-policy\/","title":{"rendered":"Cookie Policy"},"content":{"rendered":"\t\t<div data-elementor-type=\"wp-page\" data-elementor-id=\"3727\" class=\"elementor elementor-3727 elementor-1345\" data-elementor-post-type=\"page\">\n\t\t\t\t<style>\n                .elementor-element-3898663{\n                --padding-top: var(--webien-padding-top-xl);\n                --padding-right: var(--webien-padding-right-xl);\n                --padding-bottom: var(--webien-padding-bottom-xl);\n                --padding-left: var(--webien-padding-left-xl);\n                }\n            <\/style><div class=\"webien-container-padding-xl elementor-element elementor-element-3898663 e-flex e-con-boxed e-con e-parent\" data-id=\"3898663\" data-element_type=\"container\" data-e-type=\"container\" data-settings=\"{&quot;background_background&quot;:&quot;classic&quot;}\">\n\t\t\t\t\t<div class=\"e-con-inner\">\n\t\t<style>\n                .elementor-element-24ec0b8{\n                --padding-top: var(--webien-padding-top-none);\n                --padding-right: var(--webien-padding-right-none);\n                --padding-bottom: var(--webien-padding-bottom-none);\n                --padding-left: var(--webien-padding-left-none);\n                }\n            <\/style><div class=\"webien-container-padding-none elementor-element elementor-element-24ec0b8 e-con-full e-flex e-con e-child\" data-id=\"24ec0b8\" data-element_type=\"container\" data-e-type=\"container\">\n\t\t<style>\n                .elementor-element-101d681{\n                --padding-top: var(--webien-padding-top-none);\n                --padding-right: var(--webien-padding-right-none);\n                --padding-bottom: var(--webien-padding-bottom-none);\n                --padding-left: var(--webien-padding-left-none);\n                }\n            <\/style><div class=\"webien-container-padding-none elementor-element elementor-element-101d681 e-con-full e-flex e-con e-child\" data-id=\"101d681\" data-element_type=\"container\" data-e-type=\"container\">\n\t\t\t\t<div class=\"elementor-element elementor-element-77a9f28 elementor-invisible elementor-widget elementor-widget-heading\" data-id=\"77a9f28\" data-element_type=\"widget\" data-e-type=\"widget\" data-settings=\"{&quot;_animation&quot;:&quot;fadeInUp&quot;}\" data-widget_type=\"heading.default\">\n\t\t\t\t\t<h1 class=\"elementor-heading-title elementor-size-default\">Cookie Policy <\/h1>\t\t\t\t<\/div>\n\t\t\t\t<\/div>\n\t\t\t\t<\/div>\n\t\t\t\t\t<\/div>\n\t\t\t\t<\/div>\n\t\t<style>\n                .elementor-element-d230080{\n                --padding-top: var(--webien-padding-top-l);\n                --padding-right: var(--webien-padding-right-l);\n                --padding-bottom: var(--webien-padding-bottom-l);\n                --padding-left: var(--webien-padding-left-l);\n                }\n            <\/style><div class=\"webien-container-padding-l elementor-element elementor-element-d230080 e-flex e-con-boxed e-con e-parent\" data-id=\"d230080\" data-element_type=\"container\" data-e-type=\"container\">\n\t\t\t\t\t<div class=\"e-con-inner\">\n\t\t<style>\n                .elementor-element-835e7de{\n                --padding-top: var(--webien-padding-top-none);\n                --padding-right: var(--webien-padding-right-none);\n                --padding-bottom: var(--webien-padding-bottom-none);\n                --padding-left: var(--webien-padding-left-none);\n                }\n            <\/style><div class=\"webien-container-padding-none elementor-element elementor-element-835e7de e-flex e-con-boxed e-con e-child\" data-id=\"835e7de\" data-element_type=\"container\" data-e-type=\"container\">\n\t\t\t\t\t<div class=\"e-con-inner\">\n\t\t\t\t<div class=\"elementor-element elementor-element-37c4e13 elementor-widget elementor-widget-text-editor\" data-id=\"37c4e13\" data-element_type=\"widget\" data-e-type=\"widget\" data-widget_type=\"text-editor.default\">\n\t\t\t\t\t\t\t\t\t<h3>On olemassa kaksi ev\u00e4stetyyppi\u00e4:<\/h3><ul><li>Pysyv\u00e4 ev\u00e4ste, joka s\u00e4ilyy vierailijan tietokoneella tietyn ajan.<\/li><li>Istuntoev\u00e4ste tallennetaan v\u00e4liaikaisesti tietokoneen muistiin vierailun aikana. Istuntoev\u00e4steet katoavat, kun vierailija sulkee selaimen. <\/li><\/ul><h3>Mit\u00e4 ev\u00e4steit\u00e4 k\u00e4yt\u00e4mme?<\/h3><p>T\u00e4m\u00e4 verkkosivusto k\u00e4ytt\u00e4\u00e4 ev\u00e4steit\u00e4 paremman k\u00e4ytt\u00f6kokemuksen tarjoamiseksi (toiminnalliset), verkkosivuston liikenteen analysoimiseksi (analytiikka), suorituskyvyn parantamiseksi (suorituskyky) sek\u00e4 relevantteihin mainoksiin ja markkinointiin (markkinointi).<br>Ev\u00e4steit\u00e4mme ei k\u00e4ytet\u00e4 henkil\u00f6llisyytesi tunnistamiseen, eik\u00e4 IP-osoitettasi yhdistet\u00e4 muihin tietoihin.<\/p>\t\t\t\t\t\t\t\t<\/div>\n\t\t\t\t<div class=\"elementor-element elementor-element-e6a3fd5 elementor-widget elementor-widget-html\" data-id=\"e6a3fd5\" data-element_type=\"widget\" data-e-type=\"widget\" data-widget_type=\"html.default\">\n\t\t\t\t\t<script id=\"CookieDeclaration\" src=\"https:\/\/consent.cookiebot.com\/1403d010-dd46-4f9f-aedf-433a0fec822a\/cd.js\" type=\"text\/javascript\" async><\/script>\t\t\t\t<\/div>\n\t\t\t\t\t<\/div>\n\t\t\t\t<\/div>\n\t\t\t\t\t<\/div>\n\t\t\t\t<\/div>\n\t\t\t\t<\/div>\n\t\t","protected":false},"excerpt":{"rendered":"<p>Cookie Policy On olemassa kaksi ev\u00e4stetyyppi\u00e4: Pysyv\u00e4 ev\u00e4ste, joka s\u00e4ilyy vierailijan tietokoneella tietyn ajan. Istuntoev\u00e4ste tallennetaan v\u00e4liaikaisesti tietokoneen muistiin vierailun aikana. Istuntoev\u00e4steet katoavat, kun vierailija sulkee selaimen. Mit\u00e4 ev\u00e4steit\u00e4 k\u00e4yt\u00e4mme? T\u00e4m\u00e4 verkkosivusto k\u00e4ytt\u00e4\u00e4 ev\u00e4steit\u00e4 paremman k\u00e4ytt\u00f6kokemuksen tarjoamiseksi (toiminnalliset), verkkosivuston liikenteen analysoimiseksi (analytiikka), suorituskyvyn parantamiseksi (suorituskyky) sek\u00e4 relevantteihin mainoksiin ja markkinointiin (markkinointi).Ev\u00e4steit\u00e4mme ei k\u00e4ytet\u00e4 henkil\u00f6llisyytesi tunnistamiseen, [&hellip;]<\/p>\n","protected":false},"author":1,"featured_media":0,"parent":0,"menu_order":0,"comment_status":"closed","ping_status":"closed","template":"","meta":{"_acf_changed":false,"footnotes":""},"class_list":["post-3727","page","type-page","status-publish","hentry"],"acf":[],"_links":{"self":[{"href":"https:\/\/wennstrom.com\/fi\/wp-json\/wp\/v2\/pages\/3727","targetHints":{"allow":["GET"]}}],"collection":[{"href":"https:\/\/wennstrom.com\/fi\/wp-json\/wp\/v2\/pages"}],"about":[{"href":"https:\/\/wennstrom.com\/fi\/wp-json\/wp\/v2\/types\/page"}],"author":[{"embeddable":true,"href":"https:\/\/wennstrom.com\/fi\/wp-json\/wp\/v2\/users\/1"}],"replies":[{"embeddable":true,"href":"https:\/\/wennstrom.com\/fi\/wp-json\/wp\/v2\/comments?post=3727"}],"version-history":[{"count":4,"href":"https:\/\/wennstrom.com\/fi\/wp-json\/wp\/v2\/pages\/3727\/revisions"}],"predecessor-version":[{"id":8716,"href":"https:\/\/wennstrom.com\/fi\/wp-json\/wp\/v2\/pages\/3727\/revisions\/8716"}],"wp:attachment":[{"href":"https:\/\/wennstrom.com\/fi\/wp-json\/wp\/v2\/media?parent=3727"}],"curies":[{"name":"wp","href":"https:\/\/api.w.org\/{rel}","templated":true}]}}