{"id":3731,"date":"2025-08-26T07:50:31","date_gmt":"2025-08-26T05:50:31","guid":{"rendered":"https:\/\/wennstrom.com.haus.se\/privacy-policy\/"},"modified":"2025-12-03T09:55:21","modified_gmt":"2025-12-03T08:55:21","slug":"privacy-policy","status":"publish","type":"page","link":"https:\/\/wennstrom.com\/fi\/privacy-policy\/","title":{"rendered":"Tietosuojak\u00e4yt\u00e4nt\u00f6"},"content":{"rendered":"\t\t<div data-elementor-type=\"wp-page\" data-elementor-id=\"3731\" class=\"elementor elementor-3731 elementor-1343\" data-elementor-post-type=\"page\">\n\t\t\t\t<style>\n                .elementor-element-e1fed82{\n                --padding-top: var(--webien-padding-top-xl);\n                --padding-right: var(--webien-padding-right-xl);\n                --padding-bottom: var(--webien-padding-bottom-xl);\n                --padding-left: var(--webien-padding-left-xl);\n                }\n            <\/style><div class=\"webien-container-padding-xl elementor-element elementor-element-e1fed82 e-flex e-con-boxed e-con e-parent\" data-id=\"e1fed82\" data-element_type=\"container\" data-e-type=\"container\" data-settings=\"{&quot;background_background&quot;:&quot;classic&quot;}\">\n\t\t\t\t\t<div class=\"e-con-inner\">\n\t\t<style>\n                .elementor-element-cd51dc7{\n                --padding-top: var(--webien-padding-top-none);\n                --padding-right: var(--webien-padding-right-none);\n                --padding-bottom: var(--webien-padding-bottom-none);\n                --padding-left: var(--webien-padding-left-none);\n                }\n            <\/style><div class=\"webien-container-padding-none elementor-element elementor-element-cd51dc7 e-con-full e-flex e-con e-child\" data-id=\"cd51dc7\" data-element_type=\"container\" data-e-type=\"container\">\n\t\t<style>\n                .elementor-element-c624add{\n                --padding-top: var(--webien-padding-top-none);\n                --padding-right: var(--webien-padding-right-none);\n                --padding-bottom: var(--webien-padding-bottom-none);\n                --padding-left: var(--webien-padding-left-none);\n                }\n            <\/style><div class=\"webien-container-padding-none elementor-element elementor-element-c624add e-con-full e-flex e-con e-child\" data-id=\"c624add\" data-element_type=\"container\" data-e-type=\"container\">\n\t\t\t\t<div class=\"elementor-element elementor-element-0d63e80 elementor-invisible elementor-widget elementor-widget-heading\" data-id=\"0d63e80\" data-element_type=\"widget\" data-e-type=\"widget\" data-settings=\"{&quot;_animation&quot;:&quot;fadeInUp&quot;}\" data-widget_type=\"heading.default\">\n\t\t\t\t\t<h1 class=\"elementor-heading-title elementor-size-default\">Tietosuojak\u00e4yt\u00e4nt\u00f6Privacy Policy <\/h1>\t\t\t\t<\/div>\n\t\t\t\t<\/div>\n\t\t\t\t<\/div>\n\t\t\t\t\t<\/div>\n\t\t\t\t<\/div>\n\t\t<style>\n                .elementor-element-23b7bde{\n                --padding-top: var(--webien-padding-top-l);\n                --padding-right: var(--webien-padding-right-l);\n                --padding-bottom: var(--webien-padding-bottom-l);\n                --padding-left: var(--webien-padding-left-l);\n                }\n            <\/style><div class=\"webien-container-padding-l elementor-element elementor-element-23b7bde e-flex e-con-boxed e-con e-parent\" data-id=\"23b7bde\" data-element_type=\"container\" data-e-type=\"container\">\n\t\t\t\t\t<div class=\"e-con-inner\">\n\t\t<style>\n                .elementor-element-8edc67a{\n                --padding-top: var(--webien-padding-top-none);\n                --padding-right: var(--webien-padding-right-none);\n                --padding-bottom: var(--webien-padding-bottom-none);\n                --padding-left: var(--webien-padding-left-none);\n                }\n            <\/style><div class=\"webien-container-padding-none elementor-element elementor-element-8edc67a e-flex e-con-boxed e-con e-child\" data-id=\"8edc67a\" data-element_type=\"container\" data-e-type=\"container\">\n\t\t\t\t\t<div class=\"e-con-inner\">\n\t\t\t\t<div class=\"elementor-element elementor-element-928af47 elementor-invisible elementor-widget elementor-widget-text-editor\" data-id=\"928af47\" data-element_type=\"widget\" data-e-type=\"widget\" data-settings=\"{&quot;_animation&quot;:&quot;fadeInUp&quot;,&quot;_animation_delay&quot;:150}\" data-widget_type=\"text-editor.default\">\n\t\t\t\t\t\t\t\t\t<p>Viimeksi p\u00e4ivitetty: 2025-12-17<\/p>\t\t\t\t\t\t\t\t<\/div>\n\t\t\t\t<div class=\"elementor-element elementor-element-25d2819 elementor-widget elementor-widget-text-editor\" data-id=\"25d2819\" data-element_type=\"widget\" data-e-type=\"widget\" data-widget_type=\"text-editor.default\">\n\t\t\t\t\t\t\t\t\t<h3><strong>1. Keit\u00e4 olemme<\/strong><\/h3><p>Olemme Wennstrom service &amp; Solutions Oy, rekister\u00f6intinumero 0965292-9 ja osoite Menotie 4<br>33470 Yl\u00f6j\u00e4rvi, Finland. Voit ottaa meihin yhteytt\u00e4 puhelimitse: +358 3 342 6400. <\/p><h3><strong>2. Mit\u00e4 henkil\u00f6tietoja ker\u00e4\u00e4mme<\/strong><\/h3><p>Ker\u00e4\u00e4mme:<br>&#8211; Yhteystiedot (nimi, s\u00e4hk\u00f6posti, puhelin)<br>&#8211; Asiakastiedot (osoite, maksutiedot)<br>&#8211; Tilitiedot (k\u00e4ytt\u00e4j\u00e4tunnus, salasana)<br>&#8211; Viestint\u00e4tiedot (viestit, tukipyynn\u00f6t)<br>&#8211; Tekninen data (IP-osoite, laitetiedot, selain)<\/p><h3>3. Miten ker\u00e4\u00e4mme tietoja<\/h3><p>&#8211; Kun rekister\u00f6idyt tai ostat<br>&#8211; Kun otat yhteytt\u00e4<br>&#8211; Automaattinen keruu (lokit, turvaj\u00e4rjestelm\u00e4t)<\/p><h3>4. Miksi k\u00e4sittelemme tietoja<\/h3><p>Jotta voimme:<br>&#8211; Toimittaa palvelut ja tuotteet<br>&#8211; K\u00e4sitell\u00e4 maksuja<br>&#8211; Tarjota asiakaspalvelua<br>&#8211; Noudattaa lakia<br>&#8211; Parantaa palveluja ja turvallisuutta<\/p><h3>5. K\u00e4sittelyn oikeusperusta<\/h3><p>K\u00e4sittelemme tietoja perustuen:<br>&#8211; Sopimus<br>&#8211; Suostumus<br>&#8211; Lakis\u00e4\u00e4teinen velvoite<br>&#8211; Oikeutettu etu<\/p><h3>6. S\u00e4ilytysaika<\/h3><p>S\u00e4ilyt\u00e4mme tietoja vain niin kauan kuin tarpeen tai lain mukaan. <\/p><h3>7. Tietojen jakaminen<\/h3><p>Voimme jakaa:<br>&#8211; Maksupalveluntarjoajat<br>&#8211; IT-palveluntarjoajat<br>&#8211; Viranomaiset<br>Emme koskaan myy tietojasi.<\/p><h3>8. Siirto EU:n ulkopuolelle<\/h3><p>Jos siirr\u00e4mme tietoja EU:n ulkopuolelle, se tapahtuu GDPR:n mukaisesti.<\/p><h3>9. Markkinointi<\/h3><p>Voimme k\u00e4ytt\u00e4\u00e4 tietojasi:<br>&#8211; Uutiskirjeisiin ja tarjouksiin<br>&#8211; R\u00e4\u00e4t\u00e4l\u00f6ityihin mainoksiin<br>&#8211; Kampanjoihin ja kyselyihin<\/p><p>Suostumus vaaditaan suoramarkkinointiin. Voit peruuttaa suostumuksen milloin tahansa <\/p><p>K\u00e4yt\u00e4mme joskus kolmannen osapuolen palveluita mainontaan (esim. Google Ads, Facebook Ads). N\u00e4m\u00e4 toimijat voivat ker\u00e4t\u00e4 tietoja ev\u00e4steiden tai vastaavien tekniikoiden avulla. Katso ev\u00e4stek\u00e4yt\u00e4nt\u00f6mme lis\u00e4tietoja varten.  <\/p><h3>10. Oikeutesi<\/h3><p>Sinulla on oikeus:<br>&#8211; Saada p\u00e4\u00e4sy tietoihisi<br>&#8211; Pyyt\u00e4\u00e4 korjausta tai poistoa<br>&#8211; Rajoittaa k\u00e4sittely\u00e4<br>&#8211; Vastustaa k\u00e4sittely\u00e4<br>&#8211; Pyyt\u00e4\u00e4 tietojen siirtoa<br>Ota meihin yhteytt\u00e4 puhelimitse.<\/p><h3>11. Turvallisuus<\/h3><p>K\u00e4yt\u00e4mme teknisi\u00e4 ja organisatorisia keinoja tietojesi suojaamiseksi.<\/p><h3>12. Muutokset<\/h3><p>Voimme p\u00e4ivitt\u00e4\u00e4 t\u00e4t\u00e4 k\u00e4yt\u00e4nt\u00f6\u00e4. Uusin versio on aina verkkosivustollamme. <\/p>\t\t\t\t\t\t\t\t<\/div>\n\t\t\t\t\t<\/div>\n\t\t\t\t<\/div>\n\t\t\t\t\t<\/div>\n\t\t\t\t<\/div>\n\t\t\t\t<\/div>\n\t\t","protected":false},"excerpt":{"rendered":"<p>Tietosuojak\u00e4yt\u00e4nt\u00f6Privacy Policy Viimeksi p\u00e4ivitetty: 2025-12-17 1. Keit\u00e4 olemme Olemme Wennstrom service &amp; Solutions Oy, rekister\u00f6intinumero 0965292-9 ja osoite Menotie 433470 Yl\u00f6j\u00e4rvi, Finland. Voit ottaa meihin yhteytt\u00e4 puhelimitse: +358 3 342 6400. 2. Mit\u00e4 henkil\u00f6tietoja ker\u00e4\u00e4mme Ker\u00e4\u00e4mme:&#8211; Yhteystiedot (nimi, s\u00e4hk\u00f6posti, puhelin)&#8211; Asiakastiedot (osoite, maksutiedot)&#8211; Tilitiedot (k\u00e4ytt\u00e4j\u00e4tunnus, salasana)&#8211; Viestint\u00e4tiedot (viestit, tukipyynn\u00f6t)&#8211; Tekninen data (IP-osoite, laitetiedot, selain) 3. [&hellip;]<\/p>\n","protected":false},"author":1,"featured_media":0,"parent":0,"menu_order":0,"comment_status":"closed","ping_status":"closed","template":"","meta":{"_acf_changed":false,"footnotes":""},"class_list":["post-3731","page","type-page","status-publish","hentry"],"acf":[],"_links":{"self":[{"href":"https:\/\/wennstrom.com\/fi\/wp-json\/wp\/v2\/pages\/3731","targetHints":{"allow":["GET"]}}],"collection":[{"href":"https:\/\/wennstrom.com\/fi\/wp-json\/wp\/v2\/pages"}],"about":[{"href":"https:\/\/wennstrom.com\/fi\/wp-json\/wp\/v2\/types\/page"}],"author":[{"embeddable":true,"href":"https:\/\/wennstrom.com\/fi\/wp-json\/wp\/v2\/users\/1"}],"replies":[{"embeddable":true,"href":"https:\/\/wennstrom.com\/fi\/wp-json\/wp\/v2\/comments?post=3731"}],"version-history":[{"count":15,"href":"https:\/\/wennstrom.com\/fi\/wp-json\/wp\/v2\/pages\/3731\/revisions"}],"predecessor-version":[{"id":9014,"href":"https:\/\/wennstrom.com\/fi\/wp-json\/wp\/v2\/pages\/3731\/revisions\/9014"}],"wp:attachment":[{"href":"https:\/\/wennstrom.com\/fi\/wp-json\/wp\/v2\/media?parent=3731"}],"curies":[{"name":"wp","href":"https:\/\/api.w.org\/{rel}","templated":true}]}}