{"id":6650,"date":"2025-09-30T09:01:13","date_gmt":"2025-09-30T07:01:13","guid":{"rendered":"https:\/\/wennstrom.com.haus.se\/whistleblower\/"},"modified":"2025-12-03T10:41:57","modified_gmt":"2025-12-03T09:41:57","slug":"whistleblower","status":"publish","type":"page","link":"https:\/\/wennstrom.com\/fi\/whistleblower\/","title":{"rendered":"Whistleblower"},"content":{"rendered":"\t\t<div data-elementor-type=\"wp-page\" data-elementor-id=\"6650\" class=\"elementor elementor-6650 elementor-6603\" data-elementor-post-type=\"page\">\n\t\t\t\t<style>\n                .elementor-element-eefd895{\n                --padding-top: var(--webien-padding-top-xl);\n                --padding-right: var(--webien-padding-right-xl);\n                --padding-bottom: var(--webien-padding-bottom-xl);\n                --padding-left: var(--webien-padding-left-xl);\n                }\n            <\/style><div class=\"webien-container-padding-xl elementor-element elementor-element-eefd895 e-flex e-con-boxed e-con e-parent\" data-id=\"eefd895\" data-element_type=\"container\" data-e-type=\"container\" data-settings=\"{&quot;background_background&quot;:&quot;classic&quot;}\">\n\t\t\t\t\t<div class=\"e-con-inner\">\n\t\t<style>\n                .elementor-element-2222a33{\n                --padding-top: var(--webien-padding-top-none);\n                --padding-right: var(--webien-padding-right-none);\n                --padding-bottom: var(--webien-padding-bottom-none);\n                --padding-left: var(--webien-padding-left-none);\n                }\n            <\/style><div class=\"webien-container-padding-none elementor-element elementor-element-2222a33 e-con-full e-flex e-con e-child\" data-id=\"2222a33\" data-element_type=\"container\" data-e-type=\"container\">\n\t\t<style>\n                .elementor-element-fc41666{\n                --padding-top: var(--webien-padding-top-none);\n                --padding-right: var(--webien-padding-right-none);\n                --padding-bottom: var(--webien-padding-bottom-none);\n                --padding-left: var(--webien-padding-left-none);\n                }\n            <\/style><div class=\"webien-container-padding-none elementor-element elementor-element-fc41666 e-con-full e-flex e-con e-child\" data-id=\"fc41666\" data-element_type=\"container\" data-e-type=\"container\">\n\t\t\t\t<div class=\"elementor-element elementor-element-03b4ddb elementor-invisible elementor-widget elementor-widget-heading\" data-id=\"03b4ddb\" data-element_type=\"widget\" data-e-type=\"widget\" data-settings=\"{&quot;_animation&quot;:&quot;fadeInUp&quot;}\" data-widget_type=\"heading.default\">\n\t\t\t\t\t<h1 class=\"elementor-heading-title elementor-size-default\">Whistleblower<\/h1>\t\t\t\t<\/div>\n\t\t\t\t<div class=\"webien-yellow elementor-element elementor-element-13ac4ae elementor-invisible elementor-widget elementor-widget-button\" data-id=\"13ac4ae\" data-element_type=\"widget\" data-e-type=\"widget\" data-settings=\"{&quot;_animation&quot;:&quot;fadeIn&quot;,&quot;_animation_delay&quot;:750}\" data-widget_type=\"button.default\">\n\t\t\t\t\t\t\t\t\t\t<a class=\"elementor-button elementor-button-link elementor-size-sm\" href=\"https:\/\/whistleblowersoftware.com\/secure\/wennstrom\" target=\"_blank\" rel=\"nofollow\">\n\t\t\t\t\t\t<span class=\"elementor-button-content-wrapper\">\n\t\t\t\t\t\t\t\t\t<span class=\"elementor-button-text\">Ilmoitusportaaliin<\/span>\n\t\t\t\t\t<\/span>\n\t\t\t\t\t<\/a>\n\t\t\t\t\t\t\t\t<\/div>\n\t\t\t\t<\/div>\n\t\t\t\t<\/div>\n\t\t\t\t\t<\/div>\n\t\t\t\t<\/div>\n\t\t<style>\n                .elementor-element-3e97581{\n                --padding-top: var(--webien-padding-top-l);\n                --padding-right: var(--webien-padding-right-l);\n                --padding-bottom: var(--webien-padding-bottom-l);\n                --padding-left: var(--webien-padding-left-l);\n                }\n            <\/style><div class=\"webien-container-padding-l elementor-element elementor-element-3e97581 e-flex e-con-boxed e-con e-parent\" data-id=\"3e97581\" data-element_type=\"container\" data-e-type=\"container\">\n\t\t\t\t\t<div class=\"e-con-inner\">\n\t\t<style>\n                .elementor-element-5efdd98{\n                --padding-top: var(--webien-padding-top-none);\n                --padding-right: var(--webien-padding-right-none);\n                --padding-bottom: var(--webien-padding-bottom-none);\n                --padding-left: var(--webien-padding-left-none);\n                }\n            <\/style><div class=\"webien-container-padding-none elementor-element elementor-element-5efdd98 e-flex e-con-boxed e-con e-child\" data-id=\"5efdd98\" data-element_type=\"container\" data-e-type=\"container\">\n\t\t\t\t\t<div class=\"e-con-inner\">\n\t\t\t\t<div class=\"elementor-element elementor-element-bd61f24 elementor-invisible elementor-widget elementor-widget-text-editor\" data-id=\"bd61f24\" data-element_type=\"widget\" data-e-type=\"widget\" data-settings=\"{&quot;_animation&quot;:&quot;fadeInUp&quot;,&quot;_animation_delay&quot;:150}\" data-widget_type=\"text-editor.default\">\n\t\t\t\t\t\t\t\t\t<p>Wennstrom-konserni ja sen tyt\u00e4ryhti\u00f6t pyrkiv\u00e4t edist\u00e4m\u00e4\u00e4n avointa, turvallista ja eettist\u00e4 organisaatiota ja kulttuuria. Osana t\u00e4t\u00e4 pyrkimyst\u00e4 olemme ottaneet k\u00e4ytt\u00f6\u00f6n kolmannen osapuolen tarjoaman whistleblower-ilmoitusj\u00e4rjestelm\u00e4n. <\/p>\t\t\t\t\t\t\t\t<\/div>\n\t\t\t\t\t<\/div>\n\t\t\t\t<\/div>\n\t\t\t\t\t<\/div>\n\t\t\t\t<\/div>\n\t\t<style>\n                .elementor-element-5eac33e{\n                --padding-top: var(--webien-padding-top-l);\n                --padding-right: var(--webien-padding-right-l);\n                --padding-bottom: var(--webien-padding-bottom-l);\n                --padding-left: var(--webien-padding-left-l);\n                }\n            <\/style><div class=\"webien-container-padding-l elementor-element elementor-element-5eac33e e-flex e-con-boxed e-con e-parent\" data-id=\"5eac33e\" data-element_type=\"container\" data-e-type=\"container\" data-settings=\"{&quot;background_background&quot;:&quot;classic&quot;}\">\n\t\t\t\t\t<div class=\"e-con-inner\">\n\t\t\t\t<div class=\"elementor-element elementor-element-1ca3f48 elementor-invisible elementor-widget elementor-widget-heading\" data-id=\"1ca3f48\" data-element_type=\"widget\" data-e-type=\"widget\" data-settings=\"{&quot;_animation&quot;:&quot;fadeInUp&quot;}\" data-widget_type=\"heading.default\">\n\t\t\t\t\t<h2 class=\"elementor-heading-title elementor-size-default\">Whistleblower-ilmoitusj\u00e4rjestelm\u00e4<\/h2>\t\t\t\t<\/div>\n\t\t\t\t<div class=\"elementor-element elementor-element-88034c3 elementor-invisible elementor-widget elementor-widget-text-editor\" data-id=\"88034c3\" data-element_type=\"widget\" data-e-type=\"widget\" data-settings=\"{&quot;_animation&quot;:&quot;fadeInUp&quot;,&quot;_animation_delay&quot;:250}\" data-widget_type=\"text-editor.default\">\n\t\t\t\t\t\t\t\t\t<p>J\u00e4rjestelm\u00e4 auttaa varmistamaan, ett\u00e4 ilmoittaminen ep\u00e4illyst\u00e4 lain rikkomisesta, seksuaalisesta h\u00e4irinn\u00e4st\u00e4 ja muista vakavista v\u00e4\u00e4rink\u00e4yt\u00f6ksist\u00e4 on turvallista ja helppoa.<\/p><p>Kaikki yrityksen nykyiset, entiset ja tulevat ty\u00f6ntekij\u00e4t voivat tehd\u00e4 nimett\u00f6m\u00e4n ilmoituksen. My\u00f6s harjoittelijat, konsultit ja osakkeenomistajat voivat ilmoittaa ep\u00e4illyist\u00e4 v\u00e4\u00e4rink\u00e4yt\u00f6ksist\u00e4. <\/p>\t\t\t\t\t\t\t\t<\/div>\n\t\t\t\t\t<\/div>\n\t\t\t\t<\/div>\n\t\t<style>\n                .elementor-element-525a172{\n                --padding-top: var(--webien-padding-top-default);\n                --padding-right: var(--webien-padding-right-default);\n                --padding-bottom: var(--webien-padding-bottom-default);\n                --padding-left: var(--webien-padding-left-default);\n                }\n            <\/style><div class=\"webien-container-padding-default elementor-element elementor-element-525a172 e-flex e-con-boxed e-con e-parent\" data-id=\"525a172\" data-element_type=\"container\" data-e-type=\"container\">\n\t\t\t\t\t<div class=\"e-con-inner\">\n\t\t<style>\n                .elementor-element-fb91c39{\n                --padding-top: var(--webien-padding-top-l);\n                --padding-right: var(--webien-padding-right-l);\n                --padding-bottom: var(--webien-padding-bottom-l);\n                --padding-left: var(--webien-padding-left-l);\n                }\n            <\/style><div class=\"webien-container-padding-l elementor-element elementor-element-fb91c39 e-con-full e-flex e-con e-child\" data-id=\"fb91c39\" data-element_type=\"container\" data-e-type=\"container\" data-settings=\"{&quot;background_background&quot;:&quot;classic&quot;}\">\n\t\t<style>\n                .elementor-element-4f00f3c{\n                --padding-top: var(--webien-padding-top-none);\n                --padding-right: var(--webien-padding-right-none);\n                --padding-bottom: var(--webien-padding-bottom-none);\n                --padding-left: var(--webien-padding-left-none);\n                }\n            <\/style><div class=\"webien-container-padding-none elementor-element elementor-element-4f00f3c e-flex e-con-boxed e-con e-child\" data-id=\"4f00f3c\" data-element_type=\"container\" data-e-type=\"container\">\n\t\t\t\t\t<div class=\"e-con-inner\">\n\t\t\t\t<div class=\"elementor-element elementor-element-7fae9d9 elementor-invisible elementor-widget elementor-widget-heading\" data-id=\"7fae9d9\" data-element_type=\"widget\" data-e-type=\"widget\" data-settings=\"{&quot;_animation&quot;:&quot;fadeInUp&quot;}\" data-widget_type=\"heading.default\">\n\t\t\t\t\t<h2 class=\"elementor-heading-title elementor-size-default\">Haluatko tehd\u00e4 ilmoituksen?<\/h2>\t\t\t\t<\/div>\n\t\t\t\t<div class=\"elementor-element elementor-element-9ec6a55 elementor-invisible elementor-widget elementor-widget-text-editor\" data-id=\"9ec6a55\" data-element_type=\"widget\" data-e-type=\"widget\" data-settings=\"{&quot;_animation&quot;:&quot;fadeInUp&quot;,&quot;_animation_delay&quot;:200}\" data-widget_type=\"text-editor.default\">\n\t\t\t\t\t\t\t\t\t<p>Voit lukea lis\u00e4\u00e4 ep\u00e4iltyjen v\u00e4\u00e4rink\u00e4yt\u00f6sten ilmoitusj\u00e4rjestelm\u00e4st\u00e4, toimintaperiaatteistamme ja menettelytavoistamme ilmoitusportaalissamme:<\/p>\t\t\t\t\t\t\t\t<\/div>\n\t\t\t\t\t<\/div>\n\t\t\t\t<\/div>\n\t\t\t\t<div class=\"webien-yellow elementor-element elementor-element-d59c6e6 elementor-invisible elementor-widget elementor-widget-button\" data-id=\"d59c6e6\" data-element_type=\"widget\" data-e-type=\"widget\" data-settings=\"{&quot;_animation&quot;:&quot;fadeIn&quot;,&quot;_animation_delay&quot;:750}\" data-widget_type=\"button.default\">\n\t\t\t\t\t\t\t\t\t\t<a class=\"elementor-button elementor-button-link elementor-size-sm\" href=\"https:\/\/whistleblowersoftware.com\/secure\/wennstrom\" target=\"_blank\" rel=\"nofollow\">\n\t\t\t\t\t\t<span class=\"elementor-button-content-wrapper\">\n\t\t\t\t\t\t\t\t\t<span class=\"elementor-button-text\">Ilmoitusportaaliin<\/span>\n\t\t\t\t\t<\/span>\n\t\t\t\t\t<\/a>\n\t\t\t\t\t\t\t\t<\/div>\n\t\t\t\t<\/div>\n\t\t\t\t\t<\/div>\n\t\t\t\t<\/div>\n\t\t<style>\n                .elementor-element-db8372e{\n                --padding-top: var(--webien-padding-top-l);\n                --padding-right: var(--webien-padding-right-l);\n                --padding-bottom: var(--webien-padding-bottom-l);\n                --padding-left: var(--webien-padding-left-l);\n                }\n            <\/style><div class=\"webien-container-padding-l elementor-element elementor-element-db8372e e-flex e-con-boxed e-con e-parent\" data-id=\"db8372e\" data-element_type=\"container\" data-e-type=\"container\">\n\t\t\t\t\t<div class=\"e-con-inner\">\n\t\t<style>\n                .elementor-element-fa80b0d{\n                --padding-top: var(--webien-padding-top-none);\n                --padding-right: var(--webien-padding-right-none);\n                --padding-bottom: var(--webien-padding-bottom-none);\n                --padding-left: var(--webien-padding-left-none);\n                }\n            <\/style><div class=\"webien-container-padding-none elementor-element elementor-element-fa80b0d e-flex e-con-boxed e-con e-child\" data-id=\"fa80b0d\" data-element_type=\"container\" data-e-type=\"container\">\n\t\t\t\t\t<div class=\"e-con-inner\">\n\t\t\t\t<div class=\"elementor-element elementor-element-bc0fb14 elementor-widget elementor-widget-heading\" data-id=\"bc0fb14\" data-element_type=\"widget\" data-e-type=\"widget\" data-widget_type=\"heading.default\">\n\t\t\t\t\t<h2 class=\"elementor-heading-title elementor-size-default\">Keskustele k\u00e4yt\u00e4nn\u00f6ist\u00e4<\/h2>\t\t\t\t<\/div>\n\t\t\t\t<div class=\"elementor-element elementor-element-e0e5778 elementor-invisible elementor-widget elementor-widget-text-editor\" data-id=\"e0e5778\" data-element_type=\"widget\" data-e-type=\"widget\" data-settings=\"{&quot;_animation&quot;:&quot;fadeInUp&quot;,&quot;_animation_delay&quot;:150}\" data-widget_type=\"text-editor.default\">\n\t\t\t\t\t\t\t\t\t<p>Jos sinulla on kysytt\u00e4v\u00e4\u00e4 tai huolenaiheita koskien t\u00e4t\u00e4 k\u00e4yt\u00e4nt\u00f6\u00e4 tai whistleblower-ilmoitusmenettely\u00e4, ota rohkeasti yhteytt\u00e4 henkil\u00f6st\u00f6osastoomme.<\/p>\t\t\t\t\t\t\t\t<\/div>\n\t\t\t\t\t<\/div>\n\t\t\t\t<\/div>\n\t\t\t\t\t<\/div>\n\t\t\t\t<\/div>\n\t\t\t\t<\/div>\n\t\t","protected":false},"excerpt":{"rendered":"<p>Whistleblower Ilmoitusportaaliin Wennstrom-konserni ja sen tyt\u00e4ryhti\u00f6t pyrkiv\u00e4t edist\u00e4m\u00e4\u00e4n avointa, turvallista ja eettist\u00e4 organisaatiota ja kulttuuria. Osana t\u00e4t\u00e4 pyrkimyst\u00e4 olemme ottaneet k\u00e4ytt\u00f6\u00f6n kolmannen osapuolen tarjoaman whistleblower-ilmoitusj\u00e4rjestelm\u00e4n. Whistleblower-ilmoitusj\u00e4rjestelm\u00e4 J\u00e4rjestelm\u00e4 auttaa varmistamaan, ett\u00e4 ilmoittaminen ep\u00e4illyst\u00e4 lain rikkomisesta, seksuaalisesta h\u00e4irinn\u00e4st\u00e4 ja muista vakavista v\u00e4\u00e4rink\u00e4yt\u00f6ksist\u00e4 on turvallista ja helppoa. Kaikki yrityksen nykyiset, entiset ja tulevat ty\u00f6ntekij\u00e4t voivat tehd\u00e4 nimett\u00f6m\u00e4n ilmoituksen. [&hellip;]<\/p>\n","protected":false},"author":5,"featured_media":0,"parent":0,"menu_order":0,"comment_status":"closed","ping_status":"closed","template":"","meta":{"_acf_changed":false,"footnotes":""},"class_list":["post-6650","page","type-page","status-publish","hentry"],"acf":[],"_links":{"self":[{"href":"https:\/\/wennstrom.com\/fi\/wp-json\/wp\/v2\/pages\/6650","targetHints":{"allow":["GET"]}}],"collection":[{"href":"https:\/\/wennstrom.com\/fi\/wp-json\/wp\/v2\/pages"}],"about":[{"href":"https:\/\/wennstrom.com\/fi\/wp-json\/wp\/v2\/types\/page"}],"author":[{"embeddable":true,"href":"https:\/\/wennstrom.com\/fi\/wp-json\/wp\/v2\/users\/5"}],"replies":[{"embeddable":true,"href":"https:\/\/wennstrom.com\/fi\/wp-json\/wp\/v2\/comments?post=6650"}],"version-history":[{"count":4,"href":"https:\/\/wennstrom.com\/fi\/wp-json\/wp\/v2\/pages\/6650\/revisions"}],"predecessor-version":[{"id":9033,"href":"https:\/\/wennstrom.com\/fi\/wp-json\/wp\/v2\/pages\/6650\/revisions\/9033"}],"wp:attachment":[{"href":"https:\/\/wennstrom.com\/fi\/wp-json\/wp\/v2\/media?parent=6650"}],"curies":[{"name":"wp","href":"https:\/\/api.w.org\/{rel}","templated":true}]}}