{"id":8482,"date":"2025-11-24T08:48:35","date_gmt":"2025-11-24T07:48:35","guid":{"rendered":"https:\/\/wennstrom.com.haus.se\/404-2\/"},"modified":"2025-12-08T12:46:48","modified_gmt":"2025-12-08T11:46:48","slug":"404-2","status":"publish","type":"page","link":"https:\/\/wennstrom.com\/fi\/404-2\/","title":{"rendered":"404"},"content":{"rendered":"\t\t<div data-elementor-type=\"wp-page\" data-elementor-id=\"8482\" class=\"elementor elementor-8482 elementor-8476\" data-elementor-post-type=\"page\">\n\t\t\t\t<style>\n                .elementor-element-00f815b{\n                --padding-top: var(--webien-padding-top-l);\n                --padding-right: var(--webien-padding-right-l);\n                --padding-bottom: var(--webien-padding-bottom-l);\n                --padding-left: var(--webien-padding-left-l);\n                }\n            <\/style><div class=\"webien-container-padding-l elementor-element elementor-element-00f815b e-flex e-con-boxed e-con e-parent\" data-id=\"00f815b\" data-element_type=\"container\" data-e-type=\"container\">\n\t\t\t\t\t<div class=\"e-con-inner\">\n\t\t<style>\n                .elementor-element-250f604{\n                --padding-top: var(--webien-padding-top-none);\n                --padding-right: var(--webien-padding-right-none);\n                --padding-bottom: var(--webien-padding-bottom-none);\n                --padding-left: var(--webien-padding-left-none);\n                }\n            <\/style><div class=\"webien-container-padding-none elementor-element elementor-element-250f604 e-flex e-con-boxed e-con e-child\" data-id=\"250f604\" data-element_type=\"container\" data-e-type=\"container\">\n\t\t\t\t\t<div class=\"e-con-inner\">\n\t\t\t\t<div class=\"elementor-element elementor-element-d7e649b elementor-widget elementor-widget-spacer\" data-id=\"d7e649b\" data-element_type=\"widget\" data-e-type=\"widget\" data-widget_type=\"spacer.default\">\n\t\t\t\t\t\t\t<div class=\"elementor-spacer\">\n\t\t\t<div class=\"elementor-spacer-inner\"><\/div>\n\t\t<\/div>\n\t\t\t\t\t\t<\/div>\n\t\t\t\t<div class=\"elementor-element elementor-element-3f0946d elementor-invisible elementor-widget elementor-widget-heading\" data-id=\"3f0946d\" data-element_type=\"widget\" data-e-type=\"widget\" data-settings=\"{&quot;_animation&quot;:&quot;fadeInUp&quot;}\" data-widget_type=\"heading.default\">\n\t\t\t\t\t<h2 class=\"elementor-heading-title elementor-size-default\">Mit\u00e4 olitkaan etsim\u00e4ss\u00e4?<\/h2>\t\t\t\t<\/div>\n\t\t\t\t<div class=\"elementor-element elementor-element-8273905 elementor-invisible elementor-widget elementor-widget-text-editor\" data-id=\"8273905\" data-element_type=\"widget\" data-e-type=\"widget\" data-settings=\"{&quot;_animation&quot;:&quot;fadeInUp&quot;,&quot;_animation_delay&quot;:150}\" data-widget_type=\"text-editor.default\">\n\t\t\t\t\t\t\t\t\t<p>Sis\u00e4lt\u00f6\u00e4 ei l\u00f6ydy. Klikkaamasi linkki saattaa olla rikki tai sivu on tilap\u00e4isesti pois k\u00e4yt\u00f6st\u00e4.  <\/p><p><strong>\u00c4l\u00e4 kuitenkaan huoli &#8211; tilanne on korjattavissa!<\/strong><\/p><p>Siirry etusivullemme, niin p\u00e4\u00e4set eteenp\u00e4in.<\/p>\t\t\t\t\t\t\t\t<\/div>\n\t\t\t\t<div class=\"elementor-element elementor-element-3f093a8 elementor-align-center elementor-widget elementor-widget-button\" data-id=\"3f093a8\" data-element_type=\"widget\" data-e-type=\"widget\" data-widget_type=\"button.default\">\n\t\t\t\t\t\t\t\t\t\t<a class=\"elementor-button elementor-button-link elementor-size-sm\" href=\"https:\/\/wennstrom.com\/fi\/\">\n\t\t\t\t\t\t<span class=\"elementor-button-content-wrapper\">\n\t\t\t\t\t\t\t\t\t<span class=\"elementor-button-text\">Siirry alkuun<\/span>\n\t\t\t\t\t<\/span>\n\t\t\t\t\t<\/a>\n\t\t\t\t\t\t\t\t<\/div>\n\t\t\t\t\t<\/div>\n\t\t\t\t<\/div>\n\t\t\t\t\t<\/div>\n\t\t\t\t<\/div>\n\t\t\t\t<\/div>\n\t\t","protected":false},"excerpt":{"rendered":"<p>Mit\u00e4 olitkaan etsim\u00e4ss\u00e4? Sis\u00e4lt\u00f6\u00e4 ei l\u00f6ydy. Klikkaamasi linkki saattaa olla rikki tai sivu on tilap\u00e4isesti pois k\u00e4yt\u00f6st\u00e4. \u00c4l\u00e4 kuitenkaan huoli &#8211; tilanne on korjattavissa! Siirry etusivullemme, niin p\u00e4\u00e4set eteenp\u00e4in. Siirry alkuun<\/p>\n","protected":false},"author":5,"featured_media":0,"parent":0,"menu_order":0,"comment_status":"closed","ping_status":"closed","template":"","meta":{"_acf_changed":false,"footnotes":""},"class_list":["post-8482","page","type-page","status-publish","hentry"],"acf":[],"_links":{"self":[{"href":"https:\/\/wennstrom.com\/fi\/wp-json\/wp\/v2\/pages\/8482","targetHints":{"allow":["GET"]}}],"collection":[{"href":"https:\/\/wennstrom.com\/fi\/wp-json\/wp\/v2\/pages"}],"about":[{"href":"https:\/\/wennstrom.com\/fi\/wp-json\/wp\/v2\/types\/page"}],"author":[{"embeddable":true,"href":"https:\/\/wennstrom.com\/fi\/wp-json\/wp\/v2\/users\/5"}],"replies":[{"embeddable":true,"href":"https:\/\/wennstrom.com\/fi\/wp-json\/wp\/v2\/comments?post=8482"}],"version-history":[{"count":7,"href":"https:\/\/wennstrom.com\/fi\/wp-json\/wp\/v2\/pages\/8482\/revisions"}],"predecessor-version":[{"id":9709,"href":"https:\/\/wennstrom.com\/fi\/wp-json\/wp\/v2\/pages\/8482\/revisions\/9709"}],"wp:attachment":[{"href":"https:\/\/wennstrom.com\/fi\/wp-json\/wp\/v2\/media?parent=8482"}],"curies":[{"name":"wp","href":"https:\/\/api.w.org\/{rel}","templated":true}]}}