{"id":3728,"date":"2025-08-26T07:50:38","date_gmt":"2025-08-26T05:50:38","guid":{"rendered":"https:\/\/wennstrom.com.haus.se\/cookie-policy\/"},"modified":"2025-12-17T16:12:29","modified_gmt":"2025-12-17T15:12:29","slug":"cookie-policy","status":"publish","type":"page","link":"https:\/\/wennstrom.com\/no\/cookie-policy\/","title":{"rendered":"Cookie Policy"},"content":{"rendered":"\t\t<div data-elementor-type=\"wp-page\" data-elementor-id=\"3728\" class=\"elementor elementor-3728 elementor-1345\" data-elementor-post-type=\"page\">\n\t\t\t\t<style>\n                .elementor-element-3898663{\n                --padding-top: var(--webien-padding-top-xl);\n                --padding-right: var(--webien-padding-right-xl);\n                --padding-bottom: var(--webien-padding-bottom-xl);\n                --padding-left: var(--webien-padding-left-xl);\n                }\n            <\/style><div class=\"webien-container-padding-xl elementor-element elementor-element-3898663 e-flex e-con-boxed e-con e-parent\" data-id=\"3898663\" data-element_type=\"container\" data-e-type=\"container\" data-settings=\"{&quot;background_background&quot;:&quot;classic&quot;}\">\n\t\t\t\t\t<div class=\"e-con-inner\">\n\t\t<style>\n                .elementor-element-24ec0b8{\n                --padding-top: var(--webien-padding-top-none);\n                --padding-right: var(--webien-padding-right-none);\n                --padding-bottom: var(--webien-padding-bottom-none);\n                --padding-left: var(--webien-padding-left-none);\n                }\n            <\/style><div class=\"webien-container-padding-none elementor-element elementor-element-24ec0b8 e-con-full e-flex e-con e-child\" data-id=\"24ec0b8\" data-element_type=\"container\" data-e-type=\"container\">\n\t\t<style>\n                .elementor-element-101d681{\n                --padding-top: var(--webien-padding-top-none);\n                --padding-right: var(--webien-padding-right-none);\n                --padding-bottom: var(--webien-padding-bottom-none);\n                --padding-left: var(--webien-padding-left-none);\n                }\n            <\/style><div class=\"webien-container-padding-none elementor-element elementor-element-101d681 e-con-full e-flex e-con e-child\" data-id=\"101d681\" data-element_type=\"container\" data-e-type=\"container\">\n\t\t\t\t<div class=\"elementor-element elementor-element-77a9f28 elementor-invisible elementor-widget elementor-widget-heading\" data-id=\"77a9f28\" data-element_type=\"widget\" data-e-type=\"widget\" data-settings=\"{&quot;_animation&quot;:&quot;fadeInUp&quot;}\" data-widget_type=\"heading.default\">\n\t\t\t\t\t<h1 class=\"elementor-heading-title elementor-size-default\">Retningslinjer for informasjonskapsler <\/h1>\t\t\t\t<\/div>\n\t\t\t\t<\/div>\n\t\t\t\t<\/div>\n\t\t\t\t\t<\/div>\n\t\t\t\t<\/div>\n\t\t<style>\n                .elementor-element-d230080{\n                --padding-top: var(--webien-padding-top-l);\n                --padding-right: var(--webien-padding-right-l);\n                --padding-bottom: var(--webien-padding-bottom-l);\n                --padding-left: var(--webien-padding-left-l);\n                }\n            <\/style><div class=\"webien-container-padding-l elementor-element elementor-element-d230080 e-flex e-con-boxed e-con e-parent\" data-id=\"d230080\" data-element_type=\"container\" data-e-type=\"container\">\n\t\t\t\t\t<div class=\"e-con-inner\">\n\t\t<style>\n                .elementor-element-835e7de{\n                --padding-top: var(--webien-padding-top-none);\n                --padding-right: var(--webien-padding-right-none);\n                --padding-bottom: var(--webien-padding-bottom-none);\n                --padding-left: var(--webien-padding-left-none);\n                }\n            <\/style><div class=\"webien-container-padding-none elementor-element elementor-element-835e7de e-flex e-con-boxed e-con e-child\" data-id=\"835e7de\" data-element_type=\"container\" data-e-type=\"container\">\n\t\t\t\t\t<div class=\"e-con-inner\">\n\t\t\t\t<div class=\"elementor-element elementor-element-37c4e13 elementor-widget elementor-widget-text-editor\" data-id=\"37c4e13\" data-element_type=\"widget\" data-e-type=\"widget\" data-widget_type=\"text-editor.default\">\n\t\t\t\t\t\t\t\t\t<h3>Det finnes to typer informasjonskapsler:<\/h3><ul><li>En permanent informasjonskapsel som blir liggende p\u00e5 den bes\u00f8kendes datamaskin i en bestemt periode.<\/li><li>En sesjonskapsel lagres midlertidig i datamaskinens minne mens den bes\u00f8kende er p\u00e5 nettstedet. Sesjonskapsler forsvinner n\u00e5r den bes\u00f8kende lukker nettleseren. <\/li><\/ul><h3>Hvilke informasjonskapsler bruker vi?<\/h3><p>Dette nettstedet bruker informasjonskapsler for \u00e5 levere en bedre brukeropplevelse (funksjonelle), analysere nettstedets trafikk (analyse), forbedre ytelsen (ytelse) samt for relevante annonser og markedsf\u00f8ring (markedsf\u00f8ring).<br>V\u00e5re informasjonskapsler vil ikke bli brukt til \u00e5 identifisere deg personlig, og IP-adressen din vil ikke bli koblet sammen med andre data.<\/p>\t\t\t\t\t\t\t\t<\/div>\n\t\t\t\t<div class=\"elementor-element elementor-element-e6a3fd5 elementor-widget elementor-widget-html\" data-id=\"e6a3fd5\" data-element_type=\"widget\" data-e-type=\"widget\" data-widget_type=\"html.default\">\n\t\t\t\t\t<script id=\"CookieDeclaration\" src=\"https:\/\/consent.cookiebot.com\/1403d010-dd46-4f9f-aedf-433a0fec822a\/cd.js\" type=\"text\/javascript\" async><\/script>\t\t\t\t<\/div>\n\t\t\t\t<div class=\"elementor-element elementor-element-f90cf2b elementor-widget-divider--view-line elementor-widget elementor-widget-divider\" data-id=\"f90cf2b\" data-element_type=\"widget\" data-e-type=\"widget\" data-widget_type=\"divider.default\">\n\t\t\t\t\t\t\t<div class=\"elementor-divider\">\n\t\t\t<span class=\"elementor-divider-separator\">\n\t\t\t\t\t\t<\/span>\n\t\t<\/div>\n\t\t\t\t\t\t<\/div>\n\t\t<style>\n                .elementor-element-f5b3354{\n                --padding-top: var(--webien-padding-top-none);\n                --padding-right: var(--webien-padding-right-none);\n                --padding-bottom: var(--webien-padding-bottom-none);\n                --padding-left: var(--webien-padding-left-none);\n                }\n            <\/style><div class=\"webien-container-padding-none elementor-element elementor-element-f5b3354 e-con-full e-flex e-con e-child\" data-id=\"f5b3354\" data-element_type=\"container\" data-e-type=\"container\">\n\t\t\t\t<div class=\"elementor-element elementor-element-232df43 elementor-widget elementor-widget-heading\" data-id=\"232df43\" data-element_type=\"widget\" data-e-type=\"widget\" data-widget_type=\"heading.default\">\n\t\t\t\t\t<h2 class=\"elementor-heading-title elementor-size-default\">Do you have any questions about cookies?<\/h2>\t\t\t\t<\/div>\n\t\t\t\t<div class=\"elementor-element elementor-element-b9d76c0 elementor-widget elementor-widget-button\" data-id=\"b9d76c0\" data-element_type=\"widget\" data-e-type=\"widget\" data-widget_type=\"button.default\">\n\t\t\t\t\t\t\t\t\t\t<a class=\"elementor-button elementor-button-link elementor-size-sm\" href=\"https:\/\/wennstrom.com\/no\/contact\/\">\n\t\t\t\t\t\t<span class=\"elementor-button-content-wrapper\">\n\t\t\t\t\t\t\t\t\t<span class=\"elementor-button-text\">Kontakt oss<\/span>\n\t\t\t\t\t<\/span>\n\t\t\t\t\t<\/a>\n\t\t\t\t\t\t\t\t<\/div>\n\t\t\t\t<\/div>\n\t\t\t\t\t<\/div>\n\t\t\t\t<\/div>\n\t\t\t\t\t<\/div>\n\t\t\t\t<\/div>\n\t\t\t\t<\/div>\n\t\t","protected":false},"excerpt":{"rendered":"<p>Retningslinjer for informasjonskapsler Det finnes to typer informasjonskapsler: En permanent informasjonskapsel som blir liggende p\u00e5 den bes\u00f8kendes datamaskin i en bestemt periode. En sesjonskapsel lagres midlertidig i datamaskinens minne mens den bes\u00f8kende er p\u00e5 nettstedet. Sesjonskapsler forsvinner n\u00e5r den bes\u00f8kende lukker nettleseren. Hvilke informasjonskapsler bruker vi? Dette nettstedet bruker informasjonskapsler for \u00e5 levere en bedre [&hellip;]<\/p>\n","protected":false},"author":1,"featured_media":0,"parent":0,"menu_order":0,"comment_status":"closed","ping_status":"closed","template":"","meta":{"_acf_changed":false,"footnotes":""},"class_list":["post-3728","page","type-page","status-publish","hentry"],"acf":[],"_links":{"self":[{"href":"https:\/\/wennstrom.com\/no\/wp-json\/wp\/v2\/pages\/3728","targetHints":{"allow":["GET"]}}],"collection":[{"href":"https:\/\/wennstrom.com\/no\/wp-json\/wp\/v2\/pages"}],"about":[{"href":"https:\/\/wennstrom.com\/no\/wp-json\/wp\/v2\/types\/page"}],"author":[{"embeddable":true,"href":"https:\/\/wennstrom.com\/no\/wp-json\/wp\/v2\/users\/1"}],"replies":[{"embeddable":true,"href":"https:\/\/wennstrom.com\/no\/wp-json\/wp\/v2\/comments?post=3728"}],"version-history":[{"count":7,"href":"https:\/\/wennstrom.com\/no\/wp-json\/wp\/v2\/pages\/3728\/revisions"}],"predecessor-version":[{"id":10109,"href":"https:\/\/wennstrom.com\/no\/wp-json\/wp\/v2\/pages\/3728\/revisions\/10109"}],"wp:attachment":[{"href":"https:\/\/wennstrom.com\/no\/wp-json\/wp\/v2\/media?parent=3728"}],"curies":[{"name":"wp","href":"https:\/\/api.w.org\/{rel}","templated":true}]}}