{"id":3732,"date":"2025-08-26T07:50:31","date_gmt":"2025-08-26T05:50:31","guid":{"rendered":"https:\/\/wennstrom.com.haus.se\/privacy-policy\/"},"modified":"2025-12-08T12:49:44","modified_gmt":"2025-12-08T11:49:44","slug":"privacy-policy","status":"publish","type":"page","link":"https:\/\/wennstrom.com\/no\/privacy-policy\/","title":{"rendered":"Personvernerkl\u00e6ring"},"content":{"rendered":"\t\t<div data-elementor-type=\"wp-page\" data-elementor-id=\"3732\" class=\"elementor elementor-3732 elementor-1343\" data-elementor-post-type=\"page\">\n\t\t\t\t<style>\n                .elementor-element-e1fed82{\n                --padding-top: var(--webien-padding-top-xl);\n                --padding-right: var(--webien-padding-right-xl);\n                --padding-bottom: var(--webien-padding-bottom-xl);\n                --padding-left: var(--webien-padding-left-xl);\n                }\n            <\/style><div class=\"webien-container-padding-xl elementor-element elementor-element-e1fed82 e-flex e-con-boxed e-con e-parent\" data-id=\"e1fed82\" data-element_type=\"container\" data-e-type=\"container\" data-settings=\"{&quot;background_background&quot;:&quot;classic&quot;}\">\n\t\t\t\t\t<div class=\"e-con-inner\">\n\t\t<style>\n                .elementor-element-cd51dc7{\n                --padding-top: var(--webien-padding-top-none);\n                --padding-right: var(--webien-padding-right-none);\n                --padding-bottom: var(--webien-padding-bottom-none);\n                --padding-left: var(--webien-padding-left-none);\n                }\n            <\/style><div class=\"webien-container-padding-none elementor-element elementor-element-cd51dc7 e-con-full e-flex e-con e-child\" data-id=\"cd51dc7\" data-element_type=\"container\" data-e-type=\"container\">\n\t\t<style>\n                .elementor-element-c624add{\n                --padding-top: var(--webien-padding-top-none);\n                --padding-right: var(--webien-padding-right-none);\n                --padding-bottom: var(--webien-padding-bottom-none);\n                --padding-left: var(--webien-padding-left-none);\n                }\n            <\/style><div class=\"webien-container-padding-none elementor-element elementor-element-c624add e-con-full e-flex e-con e-child\" data-id=\"c624add\" data-element_type=\"container\" data-e-type=\"container\">\n\t\t\t\t<div class=\"elementor-element elementor-element-0d63e80 elementor-invisible elementor-widget elementor-widget-heading\" data-id=\"0d63e80\" data-element_type=\"widget\" data-e-type=\"widget\" data-settings=\"{&quot;_animation&quot;:&quot;fadeInUp&quot;}\" data-widget_type=\"heading.default\">\n\t\t\t\t\t<h1 class=\"elementor-heading-title elementor-size-default\">Personvernerkl\u00e6ring <\/h1>\t\t\t\t<\/div>\n\t\t\t\t<\/div>\n\t\t\t\t<\/div>\n\t\t\t\t\t<\/div>\n\t\t\t\t<\/div>\n\t\t<style>\n                .elementor-element-23b7bde{\n                --padding-top: var(--webien-padding-top-l);\n                --padding-right: var(--webien-padding-right-l);\n                --padding-bottom: var(--webien-padding-bottom-l);\n                --padding-left: var(--webien-padding-left-l);\n                }\n            <\/style><div class=\"webien-container-padding-l elementor-element elementor-element-23b7bde e-flex e-con-boxed e-con e-parent\" data-id=\"23b7bde\" data-element_type=\"container\" data-e-type=\"container\">\n\t\t\t\t\t<div class=\"e-con-inner\">\n\t\t<style>\n                .elementor-element-8edc67a{\n                --padding-top: var(--webien-padding-top-none);\n                --padding-right: var(--webien-padding-right-none);\n                --padding-bottom: var(--webien-padding-bottom-none);\n                --padding-left: var(--webien-padding-left-none);\n                }\n            <\/style><div class=\"webien-container-padding-none elementor-element elementor-element-8edc67a e-flex e-con-boxed e-con e-child\" data-id=\"8edc67a\" data-element_type=\"container\" data-e-type=\"container\">\n\t\t\t\t\t<div class=\"e-con-inner\">\n\t\t\t\t<div class=\"elementor-element elementor-element-928af47 elementor-invisible elementor-widget elementor-widget-text-editor\" data-id=\"928af47\" data-element_type=\"widget\" data-e-type=\"widget\" data-settings=\"{&quot;_animation&quot;:&quot;fadeInUp&quot;,&quot;_animation_delay&quot;:150}\" data-widget_type=\"text-editor.default\">\n\t\t\t\t\t\t\t\t\t<p>Sist oppdatert: 2025-12-17<\/p>\t\t\t\t\t\t\t\t<\/div>\n\t\t\t\t<div class=\"elementor-element elementor-element-25d2819 elementor-widget elementor-widget-text-editor\" data-id=\"25d2819\" data-element_type=\"widget\" data-e-type=\"widget\" data-widget_type=\"text-editor.default\">\n\t\t\t\t\t\t\t\t\t<h3><strong>1. Hvem vi er<\/strong><\/h3><p>Vi er Wennstrom Solutions &amp; Service AS med registreringsnummer 912 738 159 og adresse Postboks 3504<br>NO-3007 DRAMMEN, Norge. Du kan kontakte oss p\u00e5 telefon: +47 21 40 48 62. <\/p><h3><strong>2. Hvilke personopplysninger vi samler inn<\/strong><\/h3><p>Vi kan samle inn:<br>&#8211; Kontaktinformasjon (navn, e-post, telefon)<br>&#8211; Kundeinformasjon (adresse, betalingsinformasjon)<br>&#8211; Kontoinformasjon (brukernavn, passord)<br>&#8211; Kommunikasjonsdata (meldinger, support)<br>&#8211; Teknisk data (IP-adresse, enhetsinfo, nettleser)<\/p><h3>3. Hvordan vi samler inn data<\/h3><p>&#8211; N\u00e5r du registrerer deg eller kj\u00f8per<br>&#8211; N\u00e5r du kontakter oss<br>&#8211; Automatisk innsamling (logger, sikkerhetssystemer)<\/p><h3>4. Hvorfor vi behandler dine data<\/h3><p>For \u00e5:<br>&#8211; Levere tjenester og produkter<br>&#8211; H\u00e5ndtere betalinger<br>&#8211; Gi kundeservice<br>&#8211; Oppfylle lovkrav<br>&#8211; Forbedre tjenester og sikkerhet<br><\/p><h3>5. Rettslig grunnlag<\/h3><p>Vi behandler data basert p\u00e5:<br>&#8211; Avtale<br>&#8211; Samtykke<br>&#8211; Lovp\u00e5lagt plikt<br>&#8211; Berettiget interesse<\/p><h3>6. Lagringstid<\/h3><p>Vi lagrer data s\u00e5 lenge det er n\u00f8dvendig eller lovp\u00e5lagt. <\/p><h3>7. Deling av data<\/h3><p>Vi kan dele med:<br>&#8211; Betalingsleverand\u00f8rer<br>&#8211; IT-leverand\u00f8rer<br>&#8211; Myndigheter<br>Vi selger aldri dine data.<\/p><h3>8. Overf\u00f8ring utenfor EU<\/h3><p>Hvis vi overf\u00f8rer data utenfor EU\/E\u00d8S, skjer det i henhold til GDPR.<\/p><h3>9. Markedsf\u00f8ring<\/h3><p>Vi kan bruke dine data til:<br>&#8211; Nyhetsbrev og tilbud<br>&#8211; Tilpassede annonser<br>&#8211; Kampanjer og unders\u00f8kelser<\/p><p>Samtykke kreves for direkte markedsf\u00f8ring. Du kan trekke tilbake samtykke n\u00e5r som helst. <\/p><p>Vi bruker noen ganger tredjepartstjenester for annonsering (f.eks. Google Ads, Facebook Ads). Disse akt\u00f8rene kan samle inn data via informasjonskapsler eller lignende teknologier. Se v\u00e5r informasjonskapselpolicy for mer informasjon.  <\/p><h3>10. Dine rettigheter<\/h3><p>Du har rett til:<br>&#8211; Innsyn<br>&#8211; Rettelse eller sletting<br>&#8211; Begrensning<br>&#8211; Protestere<br>&#8211; Dataportabilitet<br>Kontakt oss via telefon.<\/p><h3>11. Sikkerhet<\/h3><p>Vi beskytter dine data med tekniske og organisatoriske tiltak.<\/p><h3>12. Endringer<\/h3><p>Vi kan oppdatere denne erkl\u00e6ringen. Siste versjon finnes p\u00e5 v\u00e5r nettside. <\/p>\t\t\t\t\t\t\t\t<\/div>\n\t\t\t\t\t<\/div>\n\t\t\t\t<\/div>\n\t\t\t\t\t<\/div>\n\t\t\t\t<\/div>\n\t\t\t\t<\/div>\n\t\t","protected":false},"excerpt":{"rendered":"<p>Personvernerkl\u00e6ring Sist oppdatert: 2025-12-17 1. Hvem vi er Vi er Wennstrom Solutions &amp; Service AS med registreringsnummer 912 738 159 og adresse Postboks 3504NO-3007 DRAMMEN, Norge. Du kan kontakte oss p\u00e5 telefon: +47 21 40 48 62. 2. Hvilke personopplysninger vi samler inn Vi kan samle inn:&#8211; Kontaktinformasjon (navn, e-post, telefon)&#8211; Kundeinformasjon (adresse, betalingsinformasjon)&#8211; Kontoinformasjon [&hellip;]<\/p>\n","protected":false},"author":1,"featured_media":0,"parent":0,"menu_order":0,"comment_status":"closed","ping_status":"closed","template":"","meta":{"_acf_changed":false,"footnotes":""},"class_list":["post-3732","page","type-page","status-publish","hentry"],"acf":[],"_links":{"self":[{"href":"https:\/\/wennstrom.com\/no\/wp-json\/wp\/v2\/pages\/3732","targetHints":{"allow":["GET"]}}],"collection":[{"href":"https:\/\/wennstrom.com\/no\/wp-json\/wp\/v2\/pages"}],"about":[{"href":"https:\/\/wennstrom.com\/no\/wp-json\/wp\/v2\/types\/page"}],"author":[{"embeddable":true,"href":"https:\/\/wennstrom.com\/no\/wp-json\/wp\/v2\/users\/1"}],"replies":[{"embeddable":true,"href":"https:\/\/wennstrom.com\/no\/wp-json\/wp\/v2\/comments?post=3732"}],"version-history":[{"count":17,"href":"https:\/\/wennstrom.com\/no\/wp-json\/wp\/v2\/pages\/3732\/revisions"}],"predecessor-version":[{"id":9715,"href":"https:\/\/wennstrom.com\/no\/wp-json\/wp\/v2\/pages\/3732\/revisions\/9715"}],"wp:attachment":[{"href":"https:\/\/wennstrom.com\/no\/wp-json\/wp\/v2\/media?parent=3732"}],"curies":[{"name":"wp","href":"https:\/\/api.w.org\/{rel}","templated":true}]}}