{"id":6652,"date":"2025-09-30T09:01:13","date_gmt":"2025-09-30T07:01:13","guid":{"rendered":"https:\/\/wennstrom.com.haus.se\/whistleblower\/"},"modified":"2025-12-08T12:51:36","modified_gmt":"2025-12-08T11:51:36","slug":"whistleblower","status":"publish","type":"page","link":"https:\/\/wennstrom.com\/no\/whistleblower\/","title":{"rendered":"Whistleblower"},"content":{"rendered":"\t\t<div data-elementor-type=\"wp-page\" data-elementor-id=\"6652\" class=\"elementor elementor-6652 elementor-6603\" data-elementor-post-type=\"page\">\n\t\t\t\t<style>\n                .elementor-element-eefd895{\n                --padding-top: var(--webien-padding-top-xl);\n                --padding-right: var(--webien-padding-right-xl);\n                --padding-bottom: var(--webien-padding-bottom-xl);\n                --padding-left: var(--webien-padding-left-xl);\n                }\n            <\/style><div class=\"webien-container-padding-xl elementor-element elementor-element-eefd895 e-flex e-con-boxed e-con e-parent\" data-id=\"eefd895\" data-element_type=\"container\" data-e-type=\"container\" data-settings=\"{&quot;background_background&quot;:&quot;classic&quot;}\">\n\t\t\t\t\t<div class=\"e-con-inner\">\n\t\t<style>\n                .elementor-element-2222a33{\n                --padding-top: var(--webien-padding-top-none);\n                --padding-right: var(--webien-padding-right-none);\n                --padding-bottom: var(--webien-padding-bottom-none);\n                --padding-left: var(--webien-padding-left-none);\n                }\n            <\/style><div class=\"webien-container-padding-none elementor-element elementor-element-2222a33 e-con-full e-flex e-con e-child\" data-id=\"2222a33\" data-element_type=\"container\" data-e-type=\"container\">\n\t\t<style>\n                .elementor-element-fc41666{\n                --padding-top: var(--webien-padding-top-none);\n                --padding-right: var(--webien-padding-right-none);\n                --padding-bottom: var(--webien-padding-bottom-none);\n                --padding-left: var(--webien-padding-left-none);\n                }\n            <\/style><div class=\"webien-container-padding-none elementor-element elementor-element-fc41666 e-con-full e-flex e-con e-child\" data-id=\"fc41666\" data-element_type=\"container\" data-e-type=\"container\">\n\t\t\t\t<div class=\"elementor-element elementor-element-03b4ddb elementor-invisible elementor-widget elementor-widget-heading\" data-id=\"03b4ddb\" data-element_type=\"widget\" data-e-type=\"widget\" data-settings=\"{&quot;_animation&quot;:&quot;fadeInUp&quot;}\" data-widget_type=\"heading.default\">\n\t\t\t\t\t<h1 class=\"elementor-heading-title elementor-size-default\">Whistleblower<\/h1>\t\t\t\t<\/div>\n\t\t\t\t<div class=\"webien-yellow elementor-element elementor-element-13ac4ae elementor-invisible elementor-widget elementor-widget-button\" data-id=\"13ac4ae\" data-element_type=\"widget\" data-e-type=\"widget\" data-settings=\"{&quot;_animation&quot;:&quot;fadeIn&quot;,&quot;_animation_delay&quot;:750}\" data-widget_type=\"button.default\">\n\t\t\t\t\t\t\t\t\t\t<a class=\"elementor-button elementor-button-link elementor-size-sm\" href=\"https:\/\/whistleblowersoftware.com\/secure\/wennstrom\" target=\"_blank\" rel=\"nofollow\">\n\t\t\t\t\t\t<span class=\"elementor-button-content-wrapper\">\n\t\t\t\t\t\t\t\t\t<span class=\"elementor-button-text\">Til rapporteringsportalen<\/span>\n\t\t\t\t\t<\/span>\n\t\t\t\t\t<\/a>\n\t\t\t\t\t\t\t\t<\/div>\n\t\t\t\t<\/div>\n\t\t\t\t<\/div>\n\t\t\t\t\t<\/div>\n\t\t\t\t<\/div>\n\t\t<style>\n                .elementor-element-3e97581{\n                --padding-top: var(--webien-padding-top-l);\n                --padding-right: var(--webien-padding-right-l);\n                --padding-bottom: var(--webien-padding-bottom-l);\n                --padding-left: var(--webien-padding-left-l);\n                }\n            <\/style><div class=\"webien-container-padding-l elementor-element elementor-element-3e97581 e-flex e-con-boxed e-con e-parent\" data-id=\"3e97581\" data-element_type=\"container\" data-e-type=\"container\">\n\t\t\t\t\t<div class=\"e-con-inner\">\n\t\t<style>\n                .elementor-element-5efdd98{\n                --padding-top: var(--webien-padding-top-none);\n                --padding-right: var(--webien-padding-right-none);\n                --padding-bottom: var(--webien-padding-bottom-none);\n                --padding-left: var(--webien-padding-left-none);\n                }\n            <\/style><div class=\"webien-container-padding-none elementor-element elementor-element-5efdd98 e-flex e-con-boxed e-con e-child\" data-id=\"5efdd98\" data-element_type=\"container\" data-e-type=\"container\">\n\t\t\t\t\t<div class=\"e-con-inner\">\n\t\t\t\t<div class=\"elementor-element elementor-element-bd61f24 elementor-invisible elementor-widget elementor-widget-text-editor\" data-id=\"bd61f24\" data-element_type=\"widget\" data-e-type=\"widget\" data-settings=\"{&quot;_animation&quot;:&quot;fadeInUp&quot;,&quot;_animation_delay&quot;:150}\" data-widget_type=\"text-editor.default\">\n\t\t\t\t\t\t\t\t\t<p>Wennstrom-konsernet og dets datterselskaper har som m\u00e5l \u00e5 bidra til en \u00e5pen, trygg og etisk forsvarlig organisasjon og kultur. Som en del av dette arbeidet har vi etablert et varslingssystem levert av en uavhengig tredjepart. <\/p>\t\t\t\t\t\t\t\t<\/div>\n\t\t\t\t\t<\/div>\n\t\t\t\t<\/div>\n\t\t\t\t\t<\/div>\n\t\t\t\t<\/div>\n\t\t<style>\n                .elementor-element-5eac33e{\n                --padding-top: var(--webien-padding-top-l);\n                --padding-right: var(--webien-padding-right-l);\n                --padding-bottom: var(--webien-padding-bottom-l);\n                --padding-left: var(--webien-padding-left-l);\n                }\n            <\/style><div class=\"webien-container-padding-l elementor-element elementor-element-5eac33e e-flex e-con-boxed e-con e-parent\" data-id=\"5eac33e\" data-element_type=\"container\" data-e-type=\"container\" data-settings=\"{&quot;background_background&quot;:&quot;classic&quot;}\">\n\t\t\t\t\t<div class=\"e-con-inner\">\n\t\t\t\t<div class=\"elementor-element elementor-element-1ca3f48 elementor-invisible elementor-widget elementor-widget-heading\" data-id=\"1ca3f48\" data-element_type=\"widget\" data-e-type=\"widget\" data-settings=\"{&quot;_animation&quot;:&quot;fadeInUp&quot;}\" data-widget_type=\"heading.default\">\n\t\t\t\t\t<h2 class=\"elementor-heading-title elementor-size-default\">V\u00e5rt varslingssystem<\/h2>\t\t\t\t<\/div>\n\t\t\t\t<div class=\"elementor-element elementor-element-88034c3 elementor-invisible elementor-widget elementor-widget-text-editor\" data-id=\"88034c3\" data-element_type=\"widget\" data-e-type=\"widget\" data-settings=\"{&quot;_animation&quot;:&quot;fadeInUp&quot;,&quot;_animation_delay&quot;:250}\" data-widget_type=\"text-editor.default\">\n\t\t\t\t\t\t\t\t\t<p>Systemet er utviklet for \u00e5 gj\u00f8re det trygt og enkelt \u00e5 varsle om mistanke om lovbrudd, seksuell trakassering og andre alvorlig misligheter.<\/p><p>Alle ansatte i selskapet kan sende inn en anonym varsling, og det samme kan tidligere ansatte og personer som er p\u00e5 vei inn i en stilling hos oss. Praktikanter, konsulenter og aksjon\u00e6rer kan ogs\u00e5 varsle om mistenkte misligheter. <\/p>\t\t\t\t\t\t\t\t<\/div>\n\t\t\t\t\t<\/div>\n\t\t\t\t<\/div>\n\t\t<style>\n                .elementor-element-525a172{\n                --padding-top: var(--webien-padding-top-default);\n                --padding-right: var(--webien-padding-right-default);\n                --padding-bottom: var(--webien-padding-bottom-default);\n                --padding-left: var(--webien-padding-left-default);\n                }\n            <\/style><div class=\"webien-container-padding-default elementor-element elementor-element-525a172 e-flex e-con-boxed e-con e-parent\" data-id=\"525a172\" data-element_type=\"container\" data-e-type=\"container\">\n\t\t\t\t\t<div class=\"e-con-inner\">\n\t\t<style>\n                .elementor-element-fb91c39{\n                --padding-top: var(--webien-padding-top-l);\n                --padding-right: var(--webien-padding-right-l);\n                --padding-bottom: var(--webien-padding-bottom-l);\n                --padding-left: var(--webien-padding-left-l);\n                }\n            <\/style><div class=\"webien-container-padding-l elementor-element elementor-element-fb91c39 e-con-full e-flex e-con e-child\" data-id=\"fb91c39\" data-element_type=\"container\" data-e-type=\"container\" data-settings=\"{&quot;background_background&quot;:&quot;classic&quot;}\">\n\t\t<style>\n                .elementor-element-4f00f3c{\n                --padding-top: var(--webien-padding-top-none);\n                --padding-right: var(--webien-padding-right-none);\n                --padding-bottom: var(--webien-padding-bottom-none);\n                --padding-left: var(--webien-padding-left-none);\n                }\n            <\/style><div class=\"webien-container-padding-none elementor-element elementor-element-4f00f3c e-flex e-con-boxed e-con e-child\" data-id=\"4f00f3c\" data-element_type=\"container\" data-e-type=\"container\">\n\t\t\t\t\t<div class=\"e-con-inner\">\n\t\t\t\t<div class=\"elementor-element elementor-element-7fae9d9 elementor-invisible elementor-widget elementor-widget-heading\" data-id=\"7fae9d9\" data-element_type=\"widget\" data-e-type=\"widget\" data-settings=\"{&quot;_animation&quot;:&quot;fadeInUp&quot;}\" data-widget_type=\"heading.default\">\n\t\t\t\t\t<h2 class=\"elementor-heading-title elementor-size-default\">Varlse om noe?<\/h2>\t\t\t\t<\/div>\n\t\t\t\t<div class=\"elementor-element elementor-element-9ec6a55 elementor-invisible elementor-widget elementor-widget-text-editor\" data-id=\"9ec6a55\" data-element_type=\"widget\" data-e-type=\"widget\" data-settings=\"{&quot;_animation&quot;:&quot;fadeInUp&quot;,&quot;_animation_delay&quot;:200}\" data-widget_type=\"text-editor.default\">\n\t\t\t\t\t\t\t\t\t<p>Du kan lese mer om systemet, v\u00e5re retningslinjer og prosedyrene for \u00e5 varsle om mulig misligheter i v\u00e5r varslingsportal<\/p>\t\t\t\t\t\t\t\t<\/div>\n\t\t\t\t\t<\/div>\n\t\t\t\t<\/div>\n\t\t\t\t<div class=\"webien-yellow elementor-element elementor-element-d59c6e6 elementor-invisible elementor-widget elementor-widget-button\" data-id=\"d59c6e6\" data-element_type=\"widget\" data-e-type=\"widget\" data-settings=\"{&quot;_animation&quot;:&quot;fadeIn&quot;,&quot;_animation_delay&quot;:750}\" data-widget_type=\"button.default\">\n\t\t\t\t\t\t\t\t\t\t<a class=\"elementor-button elementor-button-link elementor-size-sm\" href=\"https:\/\/whistleblowersoftware.com\/secure\/wennstrom\" target=\"_blank\" rel=\"nofollow\">\n\t\t\t\t\t\t<span class=\"elementor-button-content-wrapper\">\n\t\t\t\t\t\t\t\t\t<span class=\"elementor-button-text\">Til rapporteringsportalen<\/span>\n\t\t\t\t\t<\/span>\n\t\t\t\t\t<\/a>\n\t\t\t\t\t\t\t\t<\/div>\n\t\t\t\t<\/div>\n\t\t\t\t\t<\/div>\n\t\t\t\t<\/div>\n\t\t<style>\n                .elementor-element-db8372e{\n                --padding-top: var(--webien-padding-top-l);\n                --padding-right: var(--webien-padding-right-l);\n                --padding-bottom: var(--webien-padding-bottom-l);\n                --padding-left: var(--webien-padding-left-l);\n                }\n            <\/style><div class=\"webien-container-padding-l elementor-element elementor-element-db8372e e-flex e-con-boxed e-con e-parent\" data-id=\"db8372e\" data-element_type=\"container\" data-e-type=\"container\">\n\t\t\t\t\t<div class=\"e-con-inner\">\n\t\t<style>\n                .elementor-element-fa80b0d{\n                --padding-top: var(--webien-padding-top-none);\n                --padding-right: var(--webien-padding-right-none);\n                --padding-bottom: var(--webien-padding-bottom-none);\n                --padding-left: var(--webien-padding-left-none);\n                }\n            <\/style><div class=\"webien-container-padding-none elementor-element elementor-element-fa80b0d e-flex e-con-boxed e-con e-child\" data-id=\"fa80b0d\" data-element_type=\"container\" data-e-type=\"container\">\n\t\t\t\t\t<div class=\"e-con-inner\">\n\t\t\t\t<div class=\"elementor-element elementor-element-bc0fb14 elementor-widget elementor-widget-heading\" data-id=\"bc0fb14\" data-element_type=\"widget\" data-e-type=\"widget\" data-widget_type=\"heading.default\">\n\t\t\t\t\t<h2 class=\"elementor-heading-title elementor-size-default\">Sp\u00f8rsm\u00e5l om retningslinjene?<\/h2>\t\t\t\t<\/div>\n\t\t\t\t<div class=\"elementor-element elementor-element-e0e5778 elementor-invisible elementor-widget elementor-widget-text-editor\" data-id=\"e0e5778\" data-element_type=\"widget\" data-e-type=\"widget\" data-settings=\"{&quot;_animation&quot;:&quot;fadeInUp&quot;,&quot;_animation_delay&quot;:150}\" data-widget_type=\"text-editor.default\">\n\t\t\t\t\t\t\t\t\t<p>Hvis du har sp\u00f8rsm\u00e5l eller bekymringer knyttet til retningslinjene eller varslingsprosessen, kan du ta kontakt med HR.<\/p>\t\t\t\t\t\t\t\t<\/div>\n\t\t\t\t\t<\/div>\n\t\t\t\t<\/div>\n\t\t\t\t\t<\/div>\n\t\t\t\t<\/div>\n\t\t\t\t<\/div>\n\t\t","protected":false},"excerpt":{"rendered":"<p>Whistleblower Til rapporteringsportalen Wennstrom-konsernet og dets datterselskaper har som m\u00e5l \u00e5 bidra til en \u00e5pen, trygg og etisk forsvarlig organisasjon og kultur. Som en del av dette arbeidet har vi etablert et varslingssystem levert av en uavhengig tredjepart. V\u00e5rt varslingssystem Systemet er utviklet for \u00e5 gj\u00f8re det trygt og enkelt \u00e5 varsle om mistanke om [&hellip;]<\/p>\n","protected":false},"author":5,"featured_media":0,"parent":0,"menu_order":0,"comment_status":"closed","ping_status":"closed","template":"","meta":{"_acf_changed":false,"footnotes":""},"class_list":["post-6652","page","type-page","status-publish","hentry"],"acf":[],"_links":{"self":[{"href":"https:\/\/wennstrom.com\/no\/wp-json\/wp\/v2\/pages\/6652","targetHints":{"allow":["GET"]}}],"collection":[{"href":"https:\/\/wennstrom.com\/no\/wp-json\/wp\/v2\/pages"}],"about":[{"href":"https:\/\/wennstrom.com\/no\/wp-json\/wp\/v2\/types\/page"}],"author":[{"embeddable":true,"href":"https:\/\/wennstrom.com\/no\/wp-json\/wp\/v2\/users\/5"}],"replies":[{"embeddable":true,"href":"https:\/\/wennstrom.com\/no\/wp-json\/wp\/v2\/comments?post=6652"}],"version-history":[{"count":8,"href":"https:\/\/wennstrom.com\/no\/wp-json\/wp\/v2\/pages\/6652\/revisions"}],"predecessor-version":[{"id":9724,"href":"https:\/\/wennstrom.com\/no\/wp-json\/wp\/v2\/pages\/6652\/revisions\/9724"}],"wp:attachment":[{"href":"https:\/\/wennstrom.com\/no\/wp-json\/wp\/v2\/media?parent=6652"}],"curies":[{"name":"wp","href":"https:\/\/api.w.org\/{rel}","templated":true}]}}