{"id":3729,"date":"2025-08-26T07:50:38","date_gmt":"2025-08-26T05:50:38","guid":{"rendered":"https:\/\/wennstrom.com.haus.se\/cookie-policy\/"},"modified":"2025-12-17T16:04:39","modified_gmt":"2025-12-17T15:04:39","slug":"cookie-policy","status":"publish","type":"page","link":"https:\/\/wennstrom.com\/sv\/cookie-policy\/","title":{"rendered":"Cookie Policy"},"content":{"rendered":"\t\t<div data-elementor-type=\"wp-page\" data-elementor-id=\"3729\" class=\"elementor elementor-3729 elementor-1345\" data-elementor-post-type=\"page\">\n\t\t\t\t<style>\n                .elementor-element-3898663{\n                --padding-top: var(--webien-padding-top-xl);\n                --padding-right: var(--webien-padding-right-xl);\n                --padding-bottom: var(--webien-padding-bottom-xl);\n                --padding-left: var(--webien-padding-left-xl);\n                }\n            <\/style><div class=\"webien-container-padding-xl elementor-element elementor-element-3898663 e-flex e-con-boxed e-con e-parent\" data-id=\"3898663\" data-element_type=\"container\" data-e-type=\"container\" data-settings=\"{&quot;background_background&quot;:&quot;classic&quot;}\">\n\t\t\t\t\t<div class=\"e-con-inner\">\n\t\t<style>\n                .elementor-element-24ec0b8{\n                --padding-top: var(--webien-padding-top-none);\n                --padding-right: var(--webien-padding-right-none);\n                --padding-bottom: var(--webien-padding-bottom-none);\n                --padding-left: var(--webien-padding-left-none);\n                }\n            <\/style><div class=\"webien-container-padding-none elementor-element elementor-element-24ec0b8 e-con-full e-flex e-con e-child\" data-id=\"24ec0b8\" data-element_type=\"container\" data-e-type=\"container\">\n\t\t<style>\n                .elementor-element-101d681{\n                --padding-top: var(--webien-padding-top-none);\n                --padding-right: var(--webien-padding-right-none);\n                --padding-bottom: var(--webien-padding-bottom-none);\n                --padding-left: var(--webien-padding-left-none);\n                }\n            <\/style><div class=\"webien-container-padding-none elementor-element elementor-element-101d681 e-con-full e-flex e-con e-child\" data-id=\"101d681\" data-element_type=\"container\" data-e-type=\"container\">\n\t\t\t\t<div class=\"elementor-element elementor-element-77a9f28 elementor-invisible elementor-widget elementor-widget-heading\" data-id=\"77a9f28\" data-element_type=\"widget\" data-e-type=\"widget\" data-settings=\"{&quot;_animation&quot;:&quot;fadeInUp&quot;}\" data-widget_type=\"heading.default\">\n\t\t\t\t\t<h1 class=\"elementor-heading-title elementor-size-default\">Cookie Policy <\/h1>\t\t\t\t<\/div>\n\t\t\t\t<\/div>\n\t\t\t\t<\/div>\n\t\t\t\t\t<\/div>\n\t\t\t\t<\/div>\n\t\t<style>\n                .elementor-element-d230080{\n                --padding-top: var(--webien-padding-top-l);\n                --padding-right: var(--webien-padding-right-l);\n                --padding-bottom: var(--webien-padding-bottom-l);\n                --padding-left: var(--webien-padding-left-l);\n                }\n            <\/style><div class=\"webien-container-padding-l elementor-element elementor-element-d230080 e-flex e-con-boxed e-con e-parent\" data-id=\"d230080\" data-element_type=\"container\" data-e-type=\"container\">\n\t\t\t\t\t<div class=\"e-con-inner\">\n\t\t<style>\n                .elementor-element-835e7de{\n                --padding-top: var(--webien-padding-top-none);\n                --padding-right: var(--webien-padding-right-none);\n                --padding-bottom: var(--webien-padding-bottom-none);\n                --padding-left: var(--webien-padding-left-none);\n                }\n            <\/style><div class=\"webien-container-padding-none elementor-element elementor-element-835e7de e-flex e-con-boxed e-con e-child\" data-id=\"835e7de\" data-element_type=\"container\" data-e-type=\"container\">\n\t\t\t\t\t<div class=\"e-con-inner\">\n\t\t\t\t<div class=\"elementor-element elementor-element-37c4e13 elementor-widget elementor-widget-text-editor\" data-id=\"37c4e13\" data-element_type=\"widget\" data-e-type=\"widget\" data-widget_type=\"text-editor.default\">\n\t\t\t\t\t\t\t\t\t<h3>Det finns tv\u00e5 typer av cookies:<\/h3><ul><li>En permanent cookie som ligger kvar p\u00e5 bes\u00f6karens dator under en best\u00e4md tid.<\/li><li>En sessionscookie lagras tillf\u00e4lligt i datorns minne under tiden som bes\u00f6karen \u00e4r inne p\u00e5 webbplatsen. Sessionscookies f\u00f6rsvinner n\u00e4r bes\u00f6karen st\u00e4nger sin webbl\u00e4sare. <\/li><\/ul><h3>Vilka Cookies anv\u00e4nder vi?<\/h3><p>Denna webbplats anv\u00e4nder cookies f\u00f6r att leverera en b\u00e4ttre anv\u00e4ndarupplevelse (funktionella), analysera webbplatsens trafik (analys), f\u00f6rb\u00e4ttra prestandan (prestanda) samt f\u00f6r relevanta annonser och marknadsf\u00f6ring (marknadsf\u00f6ring).<br>V\u00e5ra cookies kommer inte att anv\u00e4ndas f\u00f6r att identifiera dig personligen och din IP-adress kommer inte att kopplas samman med annan data.<\/p>\t\t\t\t\t\t\t\t<\/div>\n\t\t\t\t<div class=\"elementor-element elementor-element-e6a3fd5 elementor-widget elementor-widget-html\" data-id=\"e6a3fd5\" data-element_type=\"widget\" data-e-type=\"widget\" data-widget_type=\"html.default\">\n\t\t\t\t\t<script id=\"CookieDeclaration\" src=\"https:\/\/consent.cookiebot.com\/1403d010-dd46-4f9f-aedf-433a0fec822a\/cd.js\" type=\"text\/javascript\" async><\/script>\t\t\t\t<\/div>\n\t\t\t\t\t<\/div>\n\t\t\t\t<\/div>\n\t\t\t\t\t<\/div>\n\t\t\t\t<\/div>\n\t\t\t\t<\/div>\n\t\t","protected":false},"excerpt":{"rendered":"<p>Cookie Policy Det finns tv\u00e5 typer av cookies: En permanent cookie som ligger kvar p\u00e5 bes\u00f6karens dator under en best\u00e4md tid. En sessionscookie lagras tillf\u00e4lligt i datorns minne under tiden som bes\u00f6karen \u00e4r inne p\u00e5 webbplatsen. Sessionscookies f\u00f6rsvinner n\u00e4r bes\u00f6karen st\u00e4nger sin webbl\u00e4sare. Vilka Cookies anv\u00e4nder vi? Denna webbplats anv\u00e4nder cookies f\u00f6r att leverera en [&hellip;]<\/p>\n","protected":false},"author":1,"featured_media":0,"parent":0,"menu_order":0,"comment_status":"closed","ping_status":"closed","template":"","meta":{"_acf_changed":false,"footnotes":""},"class_list":["post-3729","page","type-page","status-publish","hentry"],"acf":[],"_links":{"self":[{"href":"https:\/\/wennstrom.com\/sv\/wp-json\/wp\/v2\/pages\/3729","targetHints":{"allow":["GET"]}}],"collection":[{"href":"https:\/\/wennstrom.com\/sv\/wp-json\/wp\/v2\/pages"}],"about":[{"href":"https:\/\/wennstrom.com\/sv\/wp-json\/wp\/v2\/types\/page"}],"author":[{"embeddable":true,"href":"https:\/\/wennstrom.com\/sv\/wp-json\/wp\/v2\/users\/1"}],"replies":[{"embeddable":true,"href":"https:\/\/wennstrom.com\/sv\/wp-json\/wp\/v2\/comments?post=3729"}],"version-history":[{"count":6,"href":"https:\/\/wennstrom.com\/sv\/wp-json\/wp\/v2\/pages\/3729\/revisions"}],"predecessor-version":[{"id":10097,"href":"https:\/\/wennstrom.com\/sv\/wp-json\/wp\/v2\/pages\/3729\/revisions\/10097"}],"wp:attachment":[{"href":"https:\/\/wennstrom.com\/sv\/wp-json\/wp\/v2\/media?parent=3729"}],"curies":[{"name":"wp","href":"https:\/\/api.w.org\/{rel}","templated":true}]}}