{"id":3737,"date":"2025-08-19T08:34:16","date_gmt":"2025-08-19T06:34:16","guid":{"rendered":"https:\/\/wennstrom.com.haus.se\/service-center\/"},"modified":"2026-02-04T10:42:28","modified_gmt":"2026-02-04T09:42:28","slug":"service-center","status":"publish","type":"page","link":"https:\/\/wennstrom.com\/sv\/service-center\/","title":{"rendered":"Service center"},"content":{"rendered":"\t\t<div data-elementor-type=\"wp-page\" data-elementor-id=\"3737\" class=\"elementor elementor-3737 elementor-722\" data-elementor-post-type=\"page\">\n\t\t\t\t<style>\n                .elementor-element-800a707{\n                --padding-top: var(--webien-padding-top-xl);\n                --padding-right: var(--webien-padding-right-xl);\n                --padding-bottom: var(--webien-padding-bottom-xl);\n                --padding-left: var(--webien-padding-left-xl);\n                }\n            <\/style><div class=\"webien-container-padding-xl elementor-element elementor-element-800a707 e-flex e-con-boxed e-con e-parent\" data-id=\"800a707\" data-element_type=\"container\" data-e-type=\"container\" data-settings=\"{&quot;background_background&quot;:&quot;classic&quot;}\">\n\t\t\t\t\t<div class=\"e-con-inner\">\n\t\t<style>\n                .elementor-element-23b86c2{\n                --padding-top: var(--webien-padding-top-none);\n                --padding-right: var(--webien-padding-right-none);\n                --padding-bottom: var(--webien-padding-bottom-none);\n                --padding-left: var(--webien-padding-left-none);\n                }\n            <\/style><div class=\"webien-container-padding-none elementor-element elementor-element-23b86c2 e-con-full e-flex e-con e-child\" data-id=\"23b86c2\" data-element_type=\"container\" data-e-type=\"container\">\n\t\t<style>\n                .elementor-element-0dbd875{\n                --padding-top: var(--webien-padding-top-none);\n                --padding-right: var(--webien-padding-right-none);\n                --padding-bottom: var(--webien-padding-bottom-none);\n                --padding-left: var(--webien-padding-left-none);\n                }\n            <\/style><div class=\"webien-container-padding-none elementor-element elementor-element-0dbd875 e-con-full e-flex e-con e-child\" data-id=\"0dbd875\" data-element_type=\"container\" data-e-type=\"container\">\n\t\t\t\t<div class=\"elementor-element elementor-element-1fb8826 elementor-invisible elementor-widget elementor-widget-heading\" data-id=\"1fb8826\" data-element_type=\"widget\" data-e-type=\"widget\" data-settings=\"{&quot;_animation&quot;:&quot;fadeInUp&quot;}\" data-widget_type=\"heading.default\">\n\t\t\t\t\t<h1 class=\"elementor-heading-title elementor-size-default\">Service center<\/h1>\t\t\t\t<\/div>\n\t\t<style>\n                .elementor-element-930b227{\n                --padding-top: var(--webien-padding-top-none);\n                --padding-right: var(--webien-padding-right-none);\n                --padding-bottom: var(--webien-padding-bottom-none);\n                --padding-left: var(--webien-padding-left-none);\n                }\n            <\/style><div class=\"webien-container-padding-none elementor-element elementor-element-930b227 e-con-full e-flex elementor-invisible e-con e-child\" data-id=\"930b227\" data-element_type=\"container\" data-e-type=\"container\" data-settings=\"{&quot;animation&quot;:&quot;fadeInUp&quot;,&quot;animation_delay&quot;:300}\">\n\t\t\t\t<div class=\"webien-yellow elementor-element elementor-element-6c63920 elementor-align-center elementor-widget elementor-widget-button\" data-id=\"6c63920\" data-element_type=\"widget\" data-e-type=\"widget\" data-widget_type=\"button.default\">\n\t\t\t\t\t\t\t\t\t\t<a class=\"elementor-button elementor-button-link elementor-size-sm\" href=\"#elementor-action%3Aaction%3Dpopup%3Aopen%26settings%3DeyJpZCI6MTAyMzEsInRvZ2dsZSI6ZmFsc2V9\">\n\t\t\t\t\t\t<span class=\"elementor-button-content-wrapper\">\n\t\t\t\t\t\t<span class=\"elementor-button-icon\">\n\t\t\t\t<i aria-hidden=\"true\" class=\"fas fa-wrench\"><\/i>\t\t\t<\/span>\n\t\t\t\t\t\t\t\t\t<span class=\"elementor-button-text\">Felanm\u00e4lan<\/span>\n\t\t\t\t\t<\/span>\n\t\t\t\t\t<\/a>\n\t\t\t\t\t\t\t\t<\/div>\n\t\t\t\t<\/div>\n\t\t\t\t<\/div>\n\t\t\t\t<\/div>\n\t\t\t\t\t<\/div>\n\t\t\t\t<\/div>\n\t\t<style>\n                .elementor-element-1f78bfd{\n                --padding-top: var(--webien-padding-top-m);\n                --padding-right: var(--webien-padding-right-m);\n                --padding-bottom: var(--webien-padding-bottom-m);\n                --padding-left: var(--webien-padding-left-m);\n                }\n            <\/style><style>\n                .elementor-element-3119a8f{\n                --padding-top: var(--webien-padding-top-m);\n                --padding-right: var(--webien-padding-right-m);\n                --padding-bottom: var(--webien-padding-bottom-m);\n                --padding-left: var(--webien-padding-left-m);\n                }\n            <\/style><div class=\"webien-container-padding-m elementor-element elementor-element-3119a8f jedv-enabled--yes e-flex e-con-boxed e-con e-parent\" data-id=\"3119a8f\" data-element_type=\"container\" data-e-type=\"container\">\n\t\t\t\t\t<div class=\"e-con-inner\">\n\t\t\t\t<div class=\"elementor-element elementor-element-2deafe4 elementor-widget elementor-widget-heading\" data-id=\"2deafe4\" data-element_type=\"widget\" data-e-type=\"widget\" data-widget_type=\"heading.default\">\n\t\t\t\t\t<h2 class=\"elementor-heading-title elementor-size-default\">Wennstrom Service center<\/h2>\t\t\t\t<\/div>\n\t\t<style>\n                .elementor-element-3b46cd5{\n                --padding-top: var(--webien-padding-top-none);\n                --padding-right: var(--webien-padding-right-none);\n                --padding-bottom: var(--webien-padding-bottom-none);\n                --padding-left: var(--webien-padding-left-none);\n                }\n            <\/style><div class=\"webien-container-padding-none elementor-element elementor-element-3b46cd5 e-grid e-con-full e-con e-child\" data-id=\"3b46cd5\" data-element_type=\"container\" data-e-type=\"container\">\n\t\t<style>\n                .elementor-element-0ae44ac{\n                --padding-top: var(--webien-padding-top-none);\n                --padding-right: var(--webien-padding-right-none);\n                --padding-bottom: var(--webien-padding-bottom-none);\n                --padding-left: var(--webien-padding-left-none);\n                }\n            <\/style><div class=\"webien-container-padding-none elementor-element elementor-element-0ae44ac e-con-full e-flex e-con e-child\" data-id=\"0ae44ac\" data-element_type=\"container\" data-e-type=\"container\">\n\t\t\t\t<div class=\"elementor-element elementor-element-a4ee0f2 elementor-widget elementor-widget-heading\" data-id=\"a4ee0f2\" data-element_type=\"widget\" data-e-type=\"widget\" data-widget_type=\"heading.default\">\n\t\t\t\t\t<h2 class=\"elementor-heading-title elementor-size-default\">Finland<\/h2>\t\t\t\t<\/div>\n\t\t\t\t<div class=\"elementor-element elementor-element-0d0e254 elementor-widget elementor-widget-text-editor\" data-id=\"0d0e254\" data-element_type=\"widget\" data-e-type=\"widget\" data-widget_type=\"text-editor.default\">\n\t\t\t\t\t\t\t\t\t<p>Telefon: +358 3 3426 410<\/p>\t\t\t\t\t\t\t\t<\/div>\n\t\t\t\t<div class=\"elementor-element elementor-element-bff2ba2 elementor-widget elementor-widget-button\" data-id=\"bff2ba2\" data-element_type=\"widget\" data-e-type=\"widget\" data-widget_type=\"button.default\">\n\t\t\t\t\t\t\t\t\t\t<a class=\"elementor-button elementor-button-link elementor-size-sm\" href=\"mailto:info.fi@wennstrom.com\">\n\t\t\t\t\t\t<span class=\"elementor-button-content-wrapper\">\n\t\t\t\t\t\t\t\t\t<span class=\"elementor-button-text\">E-post<\/span>\n\t\t\t\t\t<\/span>\n\t\t\t\t\t<\/a>\n\t\t\t\t\t\t\t\t<\/div>\n\t\t\t\t<div class=\"elementor-element elementor-element-e28feca elementor-widget elementor-widget-text-editor\" data-id=\"e28feca\" data-element_type=\"widget\" data-e-type=\"widget\" data-widget_type=\"text-editor.default\">\n\t\t\t\t\t\t\t\t\t<p>\u00d6ppettider: 8:00 &#8211; 16:00&nbsp;<\/p>\t\t\t\t\t\t\t\t<\/div>\n\t\t\t\t<\/div>\n\t\t<style>\n                .elementor-element-ddd7690{\n                --padding-top: var(--webien-padding-top-none);\n                --padding-right: var(--webien-padding-right-none);\n                --padding-bottom: var(--webien-padding-bottom-none);\n                --padding-left: var(--webien-padding-left-none);\n                }\n            <\/style><div class=\"webien-container-padding-none elementor-element elementor-element-ddd7690 e-con-full e-flex e-con e-child\" data-id=\"ddd7690\" data-element_type=\"container\" data-e-type=\"container\">\n\t\t\t\t<div class=\"elementor-element elementor-element-2b30822 elementor-widget elementor-widget-heading\" data-id=\"2b30822\" data-element_type=\"widget\" data-e-type=\"widget\" data-widget_type=\"heading.default\">\n\t\t\t\t\t<h2 class=\"elementor-heading-title elementor-size-default\">Norge<\/h2>\t\t\t\t<\/div>\n\t\t\t\t<div class=\"elementor-element elementor-element-60c09d2 elementor-widget elementor-widget-text-editor\" data-id=\"60c09d2\" data-element_type=\"widget\" data-e-type=\"widget\" data-widget_type=\"text-editor.default\">\n\t\t\t\t\t\t\t\t\t<p>Telefon: +47 21 40 48 62<\/p>\t\t\t\t\t\t\t\t<\/div>\n\t\t\t\t<div class=\"elementor-element elementor-element-ca48c50 elementor-widget elementor-widget-button\" data-id=\"ca48c50\" data-element_type=\"widget\" data-e-type=\"widget\" data-widget_type=\"button.default\">\n\t\t\t\t\t\t\t\t\t\t<a class=\"elementor-button elementor-button-link elementor-size-sm\" href=\"mailto:kundesenter@wennstrom.com\">\n\t\t\t\t\t\t<span class=\"elementor-button-content-wrapper\">\n\t\t\t\t\t\t\t\t\t<span class=\"elementor-button-text\">E-post<\/span>\n\t\t\t\t\t<\/span>\n\t\t\t\t\t<\/a>\n\t\t\t\t\t\t\t\t<\/div>\n\t\t\t\t<div class=\"elementor-element elementor-element-2e83f10 elementor-widget elementor-widget-text-editor\" data-id=\"2e83f10\" data-element_type=\"widget\" data-e-type=\"widget\" data-widget_type=\"text-editor.default\">\n\t\t\t\t\t\t\t\t\t<p>\u00d6ppettider: 7:00 &#8211; 21:00<\/p>\t\t\t\t\t\t\t\t<\/div>\n\t\t\t\t<\/div>\n\t\t<style>\n                .elementor-element-b17ee2a{\n                --padding-top: var(--webien-padding-top-none);\n                --padding-right: var(--webien-padding-right-none);\n                --padding-bottom: var(--webien-padding-bottom-none);\n                --padding-left: var(--webien-padding-left-none);\n                }\n            <\/style><div class=\"webien-container-padding-none elementor-element elementor-element-b17ee2a e-con-full e-flex e-con e-child\" data-id=\"b17ee2a\" data-element_type=\"container\" data-e-type=\"container\">\n\t\t\t\t<div class=\"elementor-element elementor-element-f3f244d elementor-widget elementor-widget-heading\" data-id=\"f3f244d\" data-element_type=\"widget\" data-e-type=\"widget\" data-widget_type=\"heading.default\">\n\t\t\t\t\t<h2 class=\"elementor-heading-title elementor-size-default\">Sverige<\/h2>\t\t\t\t<\/div>\n\t\t\t\t<div class=\"elementor-element elementor-element-816b318 elementor-widget elementor-widget-text-editor\" data-id=\"816b318\" data-element_type=\"widget\" data-e-type=\"widget\" data-widget_type=\"text-editor.default\">\n\t\t\t\t\t\t\t\t\t<p>Telefon: +46 010-45 65 800<\/p>\t\t\t\t\t\t\t\t<\/div>\n\t\t\t\t<div class=\"elementor-element elementor-element-050948e elementor-widget elementor-widget-button\" data-id=\"050948e\" data-element_type=\"widget\" data-e-type=\"widget\" data-widget_type=\"button.default\">\n\t\t\t\t\t\t\t\t\t\t<a class=\"elementor-button elementor-button-link elementor-size-sm\" href=\"mailto:servicese@wennstrom.com\">\n\t\t\t\t\t\t<span class=\"elementor-button-content-wrapper\">\n\t\t\t\t\t\t\t\t\t<span class=\"elementor-button-text\">E-post<\/span>\n\t\t\t\t\t<\/span>\n\t\t\t\t\t<\/a>\n\t\t\t\t\t\t\t\t<\/div>\n\t\t\t\t<div class=\"elementor-element elementor-element-99df763 elementor-widget elementor-widget-text-editor\" data-id=\"99df763\" data-element_type=\"widget\" data-e-type=\"widget\" data-widget_type=\"text-editor.default\">\n\t\t\t\t\t\t\t\t\t<p>\u00d6ppettider: 7:30 &#8211; 16:00<br>(Lunchst\u00e4ngt 12:00 &#8211; 13:00)<\/p>\t\t\t\t\t\t\t\t<\/div>\n\t\t\t\t<\/div>\n\t\t<style>\n                .elementor-element-324fbbd{\n                --padding-top: var(--webien-padding-top-none);\n                --padding-right: var(--webien-padding-right-none);\n                --padding-bottom: var(--webien-padding-bottom-none);\n                --padding-left: var(--webien-padding-left-none);\n                }\n            <\/style><div class=\"webien-container-padding-none elementor-element elementor-element-324fbbd e-con-full e-flex e-con e-child\" data-id=\"324fbbd\" data-element_type=\"container\" data-e-type=\"container\" data-settings=\"{&quot;background_background&quot;:&quot;classic&quot;}\">\n\t\t\t\t<div class=\"elementor-element elementor-element-c6a0bfc elementor-widget elementor-widget-heading\" data-id=\"c6a0bfc\" data-element_type=\"widget\" data-e-type=\"widget\" data-widget_type=\"heading.default\">\n\t\t\t\t\t<h2 class=\"elementor-heading-title elementor-size-default\">24\/7 service<\/h2>\t\t\t\t<\/div>\n\t\t\t\t<div class=\"elementor-element elementor-element-5135a54 elementor-widget elementor-widget-text-editor\" data-id=\"5135a54\" data-element_type=\"widget\" data-e-type=\"widget\" data-widget_type=\"text-editor.default\">\n\t\t\t\t\t\t\t\t\t<p>Om du har ett kontrakt med service 24\/7 s\u00e5 finns information om kontaktv\u00e4gar i ert serviceavtal.<\/p>\t\t\t\t\t\t\t\t<\/div>\n\t\t\t\t<\/div>\n\t\t\t\t<\/div>\n\t\t<style>\n                .elementor-element-aa94cf6{\n                --padding-top: var(--webien-padding-top-none);\n                --padding-right: var(--webien-padding-right-none);\n                --padding-bottom: var(--webien-padding-bottom-none);\n                --padding-left: var(--webien-padding-left-none);\n                }\n            <\/style><div class=\"webien-container-padding-none elementor-element elementor-element-aa94cf6 e-grid e-con-full e-con e-child\" data-id=\"aa94cf6\" data-element_type=\"container\" data-e-type=\"container\">\n\t\t<style>\n                .elementor-element-ce85209{\n                --padding-top: var(--webien-padding-top-none);\n                --padding-right: var(--webien-padding-right-none);\n                --padding-bottom: var(--webien-padding-bottom-none);\n                --padding-left: var(--webien-padding-left-none);\n                }\n            <\/style><div class=\"webien-container-padding-none elementor-element elementor-element-ce85209 e-con-full e-flex e-con e-child\" data-id=\"ce85209\" data-element_type=\"container\" data-e-type=\"container\">\n\t\t\t\t<div class=\"elementor-element elementor-element-c7418d4 elementor-widget elementor-widget-heading\" data-id=\"c7418d4\" data-element_type=\"widget\" data-e-type=\"widget\" data-widget_type=\"heading.default\">\n\t\t\t\t\t<h2 class=\"elementor-heading-title elementor-size-default\">Danmark<\/h2>\t\t\t\t<\/div>\n\t\t\t\t<div class=\"elementor-element elementor-element-d2c99bb elementor-widget elementor-widget-text-editor\" data-id=\"d2c99bb\" data-element_type=\"widget\" data-e-type=\"widget\" data-widget_type=\"text-editor.default\">\n\t\t\t\t\t\t\t\t\t<p><strong>Flytande br\u00e4nsle<\/strong><\/p><p>Telefon: : +45 65 917 917<\/p>\t\t\t\t\t\t\t\t<\/div>\n\t\t\t\t<div class=\"elementor-element elementor-element-b7318d4 elementor-widget elementor-widget-button\" data-id=\"b7318d4\" data-element_type=\"widget\" data-e-type=\"widget\" data-widget_type=\"button.default\">\n\t\t\t\t\t\t\t\t\t\t<a class=\"elementor-button elementor-button-link elementor-size-sm\" href=\"mailto:fueldk@wennstrom.com\">\n\t\t\t\t\t\t<span class=\"elementor-button-content-wrapper\">\n\t\t\t\t\t\t\t\t\t<span class=\"elementor-button-text\">E-post<\/span>\n\t\t\t\t\t<\/span>\n\t\t\t\t\t<\/a>\n\t\t\t\t\t\t\t\t<\/div>\n\t\t\t\t<div class=\"elementor-element elementor-element-0cccbed elementor-widget elementor-widget-text-editor\" data-id=\"0cccbed\" data-element_type=\"widget\" data-e-type=\"widget\" data-widget_type=\"text-editor.default\">\n\t\t\t\t\t\t\t\t\t<p>\u00d6ppettider: 7:00 &#8211; 16:00<br>(Fredagar till 15:00)<\/p>\t\t\t\t\t\t\t\t<\/div>\n\t\t\t\t<\/div>\n\t\t<style>\n                .elementor-element-ea80a8a{\n                --padding-top: var(--webien-padding-top-none);\n                --padding-right: var(--webien-padding-right-none);\n                --padding-bottom: var(--webien-padding-bottom-none);\n                --padding-left: var(--webien-padding-left-none);\n                }\n            <\/style><div class=\"webien-container-padding-none elementor-element elementor-element-ea80a8a e-con-full e-flex e-con e-child\" data-id=\"ea80a8a\" data-element_type=\"container\" data-e-type=\"container\">\n\t\t\t\t<div class=\"elementor-element elementor-element-463ab74 elementor-widget elementor-widget-heading\" data-id=\"463ab74\" data-element_type=\"widget\" data-e-type=\"widget\" data-widget_type=\"heading.default\">\n\t\t\t\t\t<h2 class=\"elementor-heading-title elementor-size-default\">Danmark<\/h2>\t\t\t\t<\/div>\n\t\t\t\t<div class=\"elementor-element elementor-element-aa24e00 elementor-widget elementor-widget-text-editor\" data-id=\"aa24e00\" data-element_type=\"widget\" data-e-type=\"widget\" data-widget_type=\"text-editor.default\">\n\t\t\t\t\t\t\t\t\t<p><strong>E-mobility<\/strong><\/p><p>Telefon: : +45 65 917 917<\/p>\t\t\t\t\t\t\t\t<\/div>\n\t\t\t\t<div class=\"elementor-element elementor-element-96705cf elementor-widget elementor-widget-button\" data-id=\"96705cf\" data-element_type=\"widget\" data-e-type=\"widget\" data-widget_type=\"button.default\">\n\t\t\t\t\t\t\t\t\t\t<a class=\"elementor-button elementor-button-link elementor-size-sm\" href=\"mailto:emobdk@wennstrom.com\">\n\t\t\t\t\t\t<span class=\"elementor-button-content-wrapper\">\n\t\t\t\t\t\t\t\t\t<span class=\"elementor-button-text\">E-post<\/span>\n\t\t\t\t\t<\/span>\n\t\t\t\t\t<\/a>\n\t\t\t\t\t\t\t\t<\/div>\n\t\t\t\t<div class=\"elementor-element elementor-element-521dc0d elementor-widget elementor-widget-text-editor\" data-id=\"521dc0d\" data-element_type=\"widget\" data-e-type=\"widget\" data-widget_type=\"text-editor.default\">\n\t\t\t\t\t\t\t\t\t<p>\u00d6ppettider: 7:00 &#8211; 16:00<br>(Fredagar till 15:00)<\/p>\t\t\t\t\t\t\t\t<\/div>\n\t\t\t\t<\/div>\n\t\t<style>\n                .elementor-element-51635b2{\n                --padding-top: var(--webien-padding-top-none);\n                --padding-right: var(--webien-padding-right-none);\n                --padding-bottom: var(--webien-padding-bottom-none);\n                --padding-left: var(--webien-padding-left-none);\n                }\n            <\/style><div class=\"webien-container-padding-none elementor-element elementor-element-51635b2 e-con-full e-flex e-con e-child\" data-id=\"51635b2\" data-element_type=\"container\" data-e-type=\"container\">\n\t\t\t\t<div class=\"elementor-element elementor-element-a916215 elementor-widget elementor-widget-heading\" data-id=\"a916215\" data-element_type=\"widget\" data-e-type=\"widget\" data-widget_type=\"heading.default\">\n\t\t\t\t\t<h2 class=\"elementor-heading-title elementor-size-default\">Danmark<\/h2>\t\t\t\t<\/div>\n\t\t\t\t<div class=\"elementor-element elementor-element-0fdd07e elementor-widget elementor-widget-text-editor\" data-id=\"0fdd07e\" data-element_type=\"widget\" data-e-type=\"widget\" data-widget_type=\"text-editor.default\">\n\t\t\t\t\t\t\t\t\t<p><strong>Fastighetsteknik &amp; el<\/strong><\/p><p>Telefon: : +45 65 917 917<\/p>\t\t\t\t\t\t\t\t<\/div>\n\t\t\t\t<div class=\"elementor-element elementor-element-cb4b98d elementor-widget elementor-widget-button\" data-id=\"cb4b98d\" data-element_type=\"widget\" data-e-type=\"widget\" data-widget_type=\"button.default\">\n\t\t\t\t\t\t\t\t\t\t<a class=\"elementor-button elementor-button-link elementor-size-sm\" href=\"mailto:eldk@wennstrom.com\">\n\t\t\t\t\t\t<span class=\"elementor-button-content-wrapper\">\n\t\t\t\t\t\t\t\t\t<span class=\"elementor-button-text\">E-post<\/span>\n\t\t\t\t\t<\/span>\n\t\t\t\t\t<\/a>\n\t\t\t\t\t\t\t\t<\/div>\n\t\t\t\t<div class=\"elementor-element elementor-element-13a0f1a elementor-widget elementor-widget-text-editor\" data-id=\"13a0f1a\" data-element_type=\"widget\" data-e-type=\"widget\" data-widget_type=\"text-editor.default\">\n\t\t\t\t\t\t\t\t\t<p>\u00d6ppettider: 7:00 &#8211; 16:00<br>(Fredagar till 15:00)<\/p>\t\t\t\t\t\t\t\t<\/div>\n\t\t\t\t<\/div>\n\t\t\t\t<\/div>\n\t\t\t\t\t<\/div>\n\t\t\t\t<\/div>\n\t\t<style>\n                .elementor-element-3485ca3{\n                --padding-top: var(--webien-padding-top-default);\n                --padding-right: var(--webien-padding-right-default);\n                --padding-bottom: var(--webien-padding-bottom-default);\n                --padding-left: var(--webien-padding-left-default);\n                }\n            <\/style><div class=\"webien-container-padding-default elementor-element elementor-element-3485ca3 e-flex e-con-boxed e-con e-parent\" data-id=\"3485ca3\" data-element_type=\"container\" data-e-type=\"container\">\n\t\t\t\t\t<div class=\"e-con-inner\">\n\t\t<style>\n                .elementor-element-bb4bf26{\n                --padding-top: var(--webien-padding-top-l);\n                --padding-right: var(--webien-padding-right-l);\n                --padding-bottom: var(--webien-padding-bottom-l);\n                --padding-left: var(--webien-padding-left-l);\n                }\n            <\/style><div class=\"webien-container-padding-l elementor-element elementor-element-bb4bf26 e-con-full e-flex e-con e-child\" data-id=\"bb4bf26\" data-element_type=\"container\" data-e-type=\"container\" data-settings=\"{&quot;background_background&quot;:&quot;classic&quot;}\">\n\t\t<style>\n                .elementor-element-40a7199{\n                --padding-top: var(--webien-padding-top-none);\n                --padding-right: var(--webien-padding-right-none);\n                --padding-bottom: var(--webien-padding-bottom-none);\n                --padding-left: var(--webien-padding-left-none);\n                }\n            <\/style><div class=\"webien-container-padding-none elementor-element elementor-element-40a7199 e-flex e-con-boxed e-con e-child\" data-id=\"40a7199\" data-element_type=\"container\" data-e-type=\"container\">\n\t\t\t\t\t<div class=\"e-con-inner\">\n\t\t\t\t<div class=\"elementor-element elementor-element-ad476aa elementor-invisible elementor-widget elementor-widget-heading\" data-id=\"ad476aa\" data-element_type=\"widget\" data-e-type=\"widget\" data-settings=\"{&quot;_animation&quot;:&quot;fadeInUp&quot;}\" data-widget_type=\"heading.default\">\n\t\t\t\t\t<h2 class=\"elementor-heading-title elementor-size-default\">Maximera tillg\u00e4ngligheten<\/h2>\t\t\t\t<\/div>\n\t\t\t\t<div class=\"elementor-element elementor-element-f043083 elementor-invisible elementor-widget elementor-widget-text-editor\" data-id=\"f043083\" data-element_type=\"widget\" data-e-type=\"widget\" data-settings=\"{&quot;_animation&quot;:&quot;fadeInUp&quot;,&quot;_animation_delay&quot;:200}\" data-widget_type=\"text-editor.default\">\n\t\t\t\t\t\t\t\t\t<p>L\u00e5t inte strulande teknisk utrustning f\u00f6rst\u00f6ra ditt rykte och minska dina int\u00e4kter. Vi erbjuder teknisk service och underh\u00e5ll s\u00e5 att din verksamhet aldrig beh\u00f6ver st\u00e5 still i on\u00f6dan. <\/p>\t\t\t\t\t\t\t\t<\/div>\n\t\t\t\t\t<\/div>\n\t\t\t\t<\/div>\n\t\t\t\t<div class=\"webien-yellow elementor-element elementor-element-7f4fd64 elementor-invisible elementor-widget elementor-widget-button\" data-id=\"7f4fd64\" data-element_type=\"widget\" data-e-type=\"widget\" data-settings=\"{&quot;_animation&quot;:&quot;fadeIn&quot;,&quot;_animation_delay&quot;:750}\" data-widget_type=\"button.default\">\n\t\t\t\t\t\t\t\t\t\t<a class=\"elementor-button elementor-button-link elementor-size-sm\" href=\"#elementor-action%3Aaction%3Dpopup%3Aopen%26settings%3DeyJpZCI6Mzc4MywidG9nZ2xlIjpmYWxzZX0%3D\">\n\t\t\t\t\t\t<span class=\"elementor-button-content-wrapper\">\n\t\t\t\t\t\t\t\t\t<span class=\"elementor-button-text\">Kontakta oss<\/span>\n\t\t\t\t\t<\/span>\n\t\t\t\t\t<\/a>\n\t\t\t\t\t\t\t\t<\/div>\n\t\t\t\t<\/div>\n\t\t\t\t\t<\/div>\n\t\t\t\t<\/div>\n\t\t<style>\n                .elementor-element-c863313{\n                --padding-top: var(--webien-padding-top-default);\n                --padding-right: var(--webien-padding-right-default);\n                --padding-bottom: var(--webien-padding-bottom-default);\n                --padding-left: var(--webien-padding-left-default);\n                }\n            <\/style><div class=\"webien-container-padding-default elementor-element elementor-element-c863313 e-flex e-con-boxed e-con e-parent\" data-id=\"c863313\" data-element_type=\"container\" data-e-type=\"container\">\n\t\t\t\t\t<div class=\"e-con-inner\">\n\t\t\t\t<div class=\"elementor-element elementor-element-0108d7e elementor-widget elementor-widget-spacer\" data-id=\"0108d7e\" data-element_type=\"widget\" data-e-type=\"widget\" data-widget_type=\"spacer.default\">\n\t\t\t\t\t\t\t<div class=\"elementor-spacer\">\n\t\t\t<div class=\"elementor-spacer-inner\"><\/div>\n\t\t<\/div>\n\t\t\t\t\t\t<\/div>\n\t\t\t\t\t<\/div>\n\t\t\t\t<\/div>\n\t\t\t\t<\/div>\n\t\t","protected":false},"excerpt":{"rendered":"<p>Service center Felanm\u00e4lan Wennstrom Service center Danmark Flytande br\u00e4nsle Telefon: : +45 65 917 917 E-post \u00d6ppettider: 7:00 &#8211; 16:00(Fredagar till 15:00) Danmark E-mobility Telefon: : +45 65 917 917 E-post \u00d6ppettider: 7:00 &#8211; 16:00(Fredagar till 15:00) Danmark Fastighetsteknik &amp; el Telefon: : +45 65 917 917 E-post \u00d6ppettider: 7:00 &#8211; 16:00(Fredagar till 15:00) 24\/7 [&hellip;]<\/p>\n","protected":false},"author":1,"featured_media":0,"parent":0,"menu_order":0,"comment_status":"closed","ping_status":"closed","template":"","meta":{"_acf_changed":false,"footnotes":""},"class_list":["post-3737","page","type-page","status-publish","hentry"],"acf":[],"_links":{"self":[{"href":"https:\/\/wennstrom.com\/sv\/wp-json\/wp\/v2\/pages\/3737","targetHints":{"allow":["GET"]}}],"collection":[{"href":"https:\/\/wennstrom.com\/sv\/wp-json\/wp\/v2\/pages"}],"about":[{"href":"https:\/\/wennstrom.com\/sv\/wp-json\/wp\/v2\/types\/page"}],"author":[{"embeddable":true,"href":"https:\/\/wennstrom.com\/sv\/wp-json\/wp\/v2\/users\/1"}],"replies":[{"embeddable":true,"href":"https:\/\/wennstrom.com\/sv\/wp-json\/wp\/v2\/comments?post=3737"}],"version-history":[{"count":21,"href":"https:\/\/wennstrom.com\/sv\/wp-json\/wp\/v2\/pages\/3737\/revisions"}],"predecessor-version":[{"id":10333,"href":"https:\/\/wennstrom.com\/sv\/wp-json\/wp\/v2\/pages\/3737\/revisions\/10333"}],"wp:attachment":[{"href":"https:\/\/wennstrom.com\/sv\/wp-json\/wp\/v2\/media?parent=3737"}],"curies":[{"name":"wp","href":"https:\/\/api.w.org\/{rel}","templated":true}]}}